{"id":13325,"date":"2025-12-16T19:10:14","date_gmt":"2025-12-16T17:10:14","guid":{"rendered":"https:\/\/ursus.ee\/toode\/toitev-ja-taastav-huulepalsam-spf15-sos-peach-sorbet\/"},"modified":"2026-03-27T16:21:38","modified_gmt":"2026-03-27T14:21:38","slug":"toitev-ja-taastav-huulepalsam-spf15-sos-peach-sorbet","status":"publish","type":"product","link":"https:\/\/ursus.ee\/en\/toode\/toitev-ja-taastav-huulepalsam-spf15-sos-peach-sorbet\/","title":{"rendered":"Toitev ja taastav huulepalsam SPF15 SOS Peach Sorbet"},"content":{"rendered":"<p>Meeldiva virsikul\u00f5hnaga niisutav ja taastav huulepalsam kuivade huulte igap\u00e4evaseks hoolduseks. Koostises olev argaania\u00f5li niisutab ja pehmendab, hoides \u00e4ra l\u00f5henemise. SPF15 kaitseb huuli p\u00e4ikese kahjuliku toime eest.<\/p>\n","protected":false},"excerpt":{"rendered":"<p>Meeldiva virsikul\u00f5hnaga niisutav ja taastav huulepalsam kuivade huulte igap\u00e4evaseks hoolduseks. Koostises olev argaania\u00f5li niisutab ja pehmendab, hoides \u00e4ra l\u00f5henemise. SPF15 kaitseb huuli p\u00e4ikese kahjuliku toime eest.<\/p>\n","protected":false},"featured_media":13326,"comment_status":"closed","ping_status":"open","template":"","meta":{"_acf_changed":false},"product_brand":[187],"product_cat":[188,311],"product_tag":[],"class_list":{"0":"post-13325","1":"product","2":"type-product","3":"status-publish","4":"has-post-thumbnail","6":"product_brand-eveline-cosmetics","7":"product_cat-naohooldus","8":"product_cat-dekoratiivkosmeetika","9":"pa_kogus-45-g","10":"pa_koostis-petrolatum-lanolin-theobroma-cacao-seed-butter-paraffin-ethylhexyl-methoxycinnamate-cetyl-esters-copernicia-cerifera-cera-cera-microcristallina-ozokerite-hydrogenated-vegetable-oil-diethyla","11":"pa_paritolumaa-poola","12":"pa_uhik-g","14":"first","15":"instock","16":"purchasable","17":"product-type-simple"},"acf":[],"_links":{"self":[{"href":"https:\/\/ursus.ee\/en\/wp-json\/wp\/v2\/product\/13325","targetHints":{"allow":["GET"]}}],"collection":[{"href":"https:\/\/ursus.ee\/en\/wp-json\/wp\/v2\/product"}],"about":[{"href":"https:\/\/ursus.ee\/en\/wp-json\/wp\/v2\/types\/product"}],"replies":[{"embeddable":true,"href":"https:\/\/ursus.ee\/en\/wp-json\/wp\/v2\/comments?post=13325"}],"wp:featuredmedia":[{"embeddable":true,"href":"https:\/\/ursus.ee\/en\/wp-json\/wp\/v2\/media\/13326"}],"wp:attachment":[{"href":"https:\/\/ursus.ee\/en\/wp-json\/wp\/v2\/media?parent=13325"}],"wp:term":[{"taxonomy":"product_brand","embeddable":true,"href":"https:\/\/ursus.ee\/en\/wp-json\/wp\/v2\/product_brand?post=13325"},{"taxonomy":"product_cat","embeddable":true,"href":"https:\/\/ursus.ee\/en\/wp-json\/wp\/v2\/product_cat?post=13325"},{"taxonomy":"product_tag","embeddable":true,"href":"https:\/\/ursus.ee\/en\/wp-json\/wp\/v2\/product_tag?post=13325"}],"curies":[{"name":"wp","href":"https:\/\/api.w.org\/{rel}","templated":true}]}}