{"id":13323,"date":"2025-12-16T19:10:14","date_gmt":"2025-12-16T17:10:14","guid":{"rendered":"https:\/\/ursus.ee\/toode\/pliiatsiteritaja-ec\/"},"modified":"2026-03-27T16:21:37","modified_gmt":"2026-03-27T14:21:37","slug":"pliiatsiteritaja-ec","status":"publish","type":"product","link":"https:\/\/ursus.ee\/en\/toode\/pliiatsiteritaja-ec\/","title":{"rendered":"Pliiatsiteritaja EC"},"content":{"rendered":"<p>Teritaja sobib nii puidust, plastikust kui ka pehmete pliiatsite teritamiseks neid kahjustamata. Kahe erineva suurusega avad v\u00f5imaldavad enamiku turul saada olevate toodete teritamise. Teritaja disain on k\u00e4ep\u00e4rane ja mugav.<\/p>\n","protected":false},"excerpt":{"rendered":"<p>Teritaja sobib nii puidust, plastikust kui ka pehmete pliiatsite teritamiseks neid kahjustamata. Kahe erineva suurusega avad v\u00f5imaldavad enamiku turul saada olevate toodete teritamise. Teritaja disain on k\u00e4ep\u00e4rane ja mugav.<\/p>\n","protected":false},"featured_media":13324,"comment_status":"closed","ping_status":"open","template":"","meta":{"_acf_changed":false},"product_brand":[187],"product_cat":[188,311],"product_tag":[],"class_list":{"0":"post-13323","1":"product","2":"type-product","3":"status-publish","4":"has-post-thumbnail","6":"product_brand-eveline-cosmetics","7":"product_cat-naohooldus","8":"product_cat-dekoratiivkosmeetika","9":"pa_kogus-1-tk","10":"pa_paritolumaa-poola","11":"pa_uhik-tk","13":"first","14":"instock","15":"purchasable","16":"product-type-simple"},"acf":[],"_links":{"self":[{"href":"https:\/\/ursus.ee\/en\/wp-json\/wp\/v2\/product\/13323","targetHints":{"allow":["GET"]}}],"collection":[{"href":"https:\/\/ursus.ee\/en\/wp-json\/wp\/v2\/product"}],"about":[{"href":"https:\/\/ursus.ee\/en\/wp-json\/wp\/v2\/types\/product"}],"replies":[{"embeddable":true,"href":"https:\/\/ursus.ee\/en\/wp-json\/wp\/v2\/comments?post=13323"}],"wp:featuredmedia":[{"embeddable":true,"href":"https:\/\/ursus.ee\/en\/wp-json\/wp\/v2\/media\/13324"}],"wp:attachment":[{"href":"https:\/\/ursus.ee\/en\/wp-json\/wp\/v2\/media?parent=13323"}],"wp:term":[{"taxonomy":"product_brand","embeddable":true,"href":"https:\/\/ursus.ee\/en\/wp-json\/wp\/v2\/product_brand?post=13323"},{"taxonomy":"product_cat","embeddable":true,"href":"https:\/\/ursus.ee\/en\/wp-json\/wp\/v2\/product_cat?post=13323"},{"taxonomy":"product_tag","embeddable":true,"href":"https:\/\/ursus.ee\/en\/wp-json\/wp\/v2\/product_tag?post=13323"}],"curies":[{"name":"wp","href":"https:\/\/api.w.org\/{rel}","templated":true}]}}