{"id":13320,"date":"2025-12-16T19:10:14","date_gmt":"2025-12-16T17:10:14","guid":{"rendered":"https:\/\/ursus.ee\/toode\/meigipintslite-vutlar-ec-205cm-x-65cm\/"},"modified":"2026-03-30T16:37:41","modified_gmt":"2026-03-30T13:37:41","slug":"meigipintslite-vutlar-ec-205cm-x-65cm","status":"publish","type":"product","link":"https:\/\/ursus.ee\/en\/toode\/meigipintslite-vutlar-ec-205cm-x-65cm\/","title":{"rendered":"Meigipintslite vutlar EC 20,5cm x 6,5cm"},"content":{"rendered":"<p>Funktsionaalne ja elegantne vutlar meigipintslite ja tarvikute hoiustamiseks nii kodus kui ka liikvel olles. Vutlari k\u00fclgedel on trukkidega kinnitused,  et v\u00e4ltida avanemist transpordi ajal. Toode on valmistatud keskkonnas\u00f5bralikust nahast ja selle disainis on p\u00f6\u00f6ratud t\u00e4helepanu ka pisemateile detailidele. Mugav, keskmise suurusega vutlar mahutab kogu uue Eveline Cosmetics pintslite sarja, aga j\u00e4ttes ka piisavalt ruumi teie varasemate lemmikute jaoks. K\u00f5rgus 20,5cm, laius 6,5cm.<\/p>\n","protected":false},"excerpt":{"rendered":"<p>Funktsionaalne ja elegantne vutlar meigipintslite ja tarvikute hoiustamiseks nii kodus kui ka liikvel olles. Vutlari k\u00fclgedel on trukkidega kinnitused, et v\u00e4ltida avanemist transpordi ajal. Toode on valmistatud keskkonnas\u00f5bralikust nahast ja selle disainis on p\u00f6\u00f6ratud t\u00e4helepanu ka pisemateile detailidele. Mugav, keskmise suurusega vutlar mahutab kogu uue Eveline Cosmetics pintslite sarja, aga j\u00e4ttes ka piisavalt ruumi teie<\/p>\n","protected":false},"featured_media":13321,"comment_status":"closed","ping_status":"closed","template":"","meta":{"_acf_changed":false},"product_brand":[187],"product_cat":[188,311],"product_tag":[],"class_list":{"0":"post-13320","1":"product","2":"type-product","3":"status-publish","4":"has-post-thumbnail","6":"product_brand-eveline-cosmetics","7":"product_cat-naohooldus","8":"product_cat-dekoratiivkosmeetika","9":"pa_kogus-1-tk","10":"pa_paritolumaa-poola","11":"pa_uhik-tk","13":"first","14":"instock","15":"purchasable","16":"product-type-simple"},"acf":[],"_links":{"self":[{"href":"https:\/\/ursus.ee\/en\/wp-json\/wp\/v2\/product\/13320","targetHints":{"allow":["GET"]}}],"collection":[{"href":"https:\/\/ursus.ee\/en\/wp-json\/wp\/v2\/product"}],"about":[{"href":"https:\/\/ursus.ee\/en\/wp-json\/wp\/v2\/types\/product"}],"replies":[{"embeddable":true,"href":"https:\/\/ursus.ee\/en\/wp-json\/wp\/v2\/comments?post=13320"}],"wp:featuredmedia":[{"embeddable":true,"href":"https:\/\/ursus.ee\/en\/wp-json\/wp\/v2\/media\/13321"}],"wp:attachment":[{"href":"https:\/\/ursus.ee\/en\/wp-json\/wp\/v2\/media?parent=13320"}],"wp:term":[{"taxonomy":"product_brand","embeddable":true,"href":"https:\/\/ursus.ee\/en\/wp-json\/wp\/v2\/product_brand?post=13320"},{"taxonomy":"product_cat","embeddable":true,"href":"https:\/\/ursus.ee\/en\/wp-json\/wp\/v2\/product_cat?post=13320"},{"taxonomy":"product_tag","embeddable":true,"href":"https:\/\/ursus.ee\/en\/wp-json\/wp\/v2\/product_tag?post=13320"}],"curies":[{"name":"wp","href":"https:\/\/api.w.org\/{rel}","templated":true}]}}