{"id":13316,"date":"2025-12-16T19:10:14","date_gmt":"2025-12-16T17:10:14","guid":{"rendered":"https:\/\/ursus.ee\/toode\/kulmupintsel-2in1-haripintsel-ec-e05\/"},"modified":"2026-03-27T16:21:35","modified_gmt":"2026-03-27T14:21:35","slug":"kulmupintsel-2in1-haripintsel-ec-e05","status":"publish","type":"product","link":"https:\/\/ursus.ee\/en\/toode\/kulmupintsel-2in1-haripintsel-ec-e05\/","title":{"rendered":"Kulmupintsel 2in1 hari+pintsel EC E05"},"content":{"rendered":"<p>Kahepoolne kulmupintsel E05, mille \u00fches otsas on t\u00e4pne kaldus otsaga s\u00fcnteetiline pintsel, mis sobib h\u00e4sti nii pressitud kui ka kreemjate toodete (silmalainer, silmapliiats) pealekandmiseks. Harja teine ots on spiraal ripsmete ja kulmude kammimiseks, millega saab v\u00e4rve hajutada ning kulmudele kuju luua. Ergonoomilise kuju ja pikkusega lakitud puidust k\u00e4epide.<\/p>\n","protected":false},"excerpt":{"rendered":"<p>Kahepoolne kulmupintsel E05, mille \u00fches otsas on t\u00e4pne kaldus otsaga s\u00fcnteetiline pintsel, mis sobib h\u00e4sti nii pressitud kui ka kreemjate toodete (silmalainer, silmapliiats) pealekandmiseks. Harja teine ots on spiraal ripsmete ja kulmude kammimiseks, millega saab v\u00e4rve hajutada ning kulmudele kuju luua. Ergonoomilise kuju ja pikkusega lakitud puidust k\u00e4epide.<\/p>\n","protected":false},"featured_media":13317,"comment_status":"closed","ping_status":"open","template":"","meta":{"_acf_changed":false},"product_brand":[187],"product_cat":[188,311],"product_tag":[],"class_list":{"0":"post-13316","1":"product","2":"type-product","3":"status-publish","4":"has-post-thumbnail","6":"product_brand-eveline-cosmetics","7":"product_cat-naohooldus","8":"product_cat-dekoratiivkosmeetika","9":"pa_kogus-1-tk","10":"pa_paritolumaa-poola","11":"pa_uhik-tk","13":"first","14":"instock","15":"purchasable","16":"product-type-simple"},"acf":[],"_links":{"self":[{"href":"https:\/\/ursus.ee\/en\/wp-json\/wp\/v2\/product\/13316","targetHints":{"allow":["GET"]}}],"collection":[{"href":"https:\/\/ursus.ee\/en\/wp-json\/wp\/v2\/product"}],"about":[{"href":"https:\/\/ursus.ee\/en\/wp-json\/wp\/v2\/types\/product"}],"replies":[{"embeddable":true,"href":"https:\/\/ursus.ee\/en\/wp-json\/wp\/v2\/comments?post=13316"}],"wp:featuredmedia":[{"embeddable":true,"href":"https:\/\/ursus.ee\/en\/wp-json\/wp\/v2\/media\/13317"}],"wp:attachment":[{"href":"https:\/\/ursus.ee\/en\/wp-json\/wp\/v2\/media?parent=13316"}],"wp:term":[{"taxonomy":"product_brand","embeddable":true,"href":"https:\/\/ursus.ee\/en\/wp-json\/wp\/v2\/product_brand?post=13316"},{"taxonomy":"product_cat","embeddable":true,"href":"https:\/\/ursus.ee\/en\/wp-json\/wp\/v2\/product_cat?post=13316"},{"taxonomy":"product_tag","embeddable":true,"href":"https:\/\/ursus.ee\/en\/wp-json\/wp\/v2\/product_tag?post=13316"}],"curies":[{"name":"wp","href":"https:\/\/api.w.org\/{rel}","templated":true}]}}