{"id":13312,"date":"2025-12-16T19:10:14","date_gmt":"2025-12-16T17:10:14","guid":{"rendered":"https:\/\/ursus.ee\/toode\/lauvarvipintsel-hajutamiseks-vaike-ec-e04\/"},"modified":"2026-03-27T16:21:36","modified_gmt":"2026-03-27T14:21:36","slug":"lauvarvipintsel-hajutamiseks-vaike-ec-e04","status":"publish","type":"product","link":"https:\/\/ursus.ee\/en\/toode\/lauvarvipintsel-hajutamiseks-vaike-ec-e04\/","title":{"rendered":"Lauv\u00e4rvipintsel hajutamiseks, v\u00e4ike EC E04"},"content":{"rendered":"<p>V\u00e4ike, \u00fcmara otsaga E04 lauv\u00e4rvipintsel kompaktsete ja puuderja tekstuuriga lauv\u00e4rvide \u00fchtlaseks pealekandmiseks ja hajutamiseks. Sobib vedelate, pressitud, lahtiste ja kreemjate tekstuuride peale kandmiseks. Valmistatud k\u00e4sitsi kvaliteetsest s\u00fcnteetiliste (30%) ja looduslike (70%) harjaste segust. Ergonoomilise kuju ja pikkusega lakitud puidust k\u00e4epide.<\/p>\n","protected":false},"excerpt":{"rendered":"<p>V\u00e4ike, \u00fcmara otsaga E04 lauv\u00e4rvipintsel kompaktsete ja puuderja tekstuuriga lauv\u00e4rvide \u00fchtlaseks pealekandmiseks ja hajutamiseks. Sobib vedelate, pressitud, lahtiste ja kreemjate tekstuuride peale kandmiseks. Valmistatud k\u00e4sitsi kvaliteetsest s\u00fcnteetiliste (30%) ja looduslike (70%) harjaste segust. Ergonoomilise kuju ja pikkusega lakitud puidust k\u00e4epide.<\/p>\n","protected":false},"featured_media":13313,"comment_status":"closed","ping_status":"open","template":"","meta":{"_acf_changed":false},"product_brand":[187],"product_cat":[188,311],"product_tag":[],"class_list":{"0":"post-13312","1":"product","2":"type-product","3":"status-publish","4":"has-post-thumbnail","6":"product_brand-eveline-cosmetics","7":"product_cat-naohooldus","8":"product_cat-dekoratiivkosmeetika","9":"pa_kogus-1-tk","10":"pa_paritolumaa-poola","11":"pa_uhik-tk","13":"first","14":"instock","15":"purchasable","16":"product-type-simple"},"acf":[],"_links":{"self":[{"href":"https:\/\/ursus.ee\/en\/wp-json\/wp\/v2\/product\/13312","targetHints":{"allow":["GET"]}}],"collection":[{"href":"https:\/\/ursus.ee\/en\/wp-json\/wp\/v2\/product"}],"about":[{"href":"https:\/\/ursus.ee\/en\/wp-json\/wp\/v2\/types\/product"}],"replies":[{"embeddable":true,"href":"https:\/\/ursus.ee\/en\/wp-json\/wp\/v2\/comments?post=13312"}],"wp:featuredmedia":[{"embeddable":true,"href":"https:\/\/ursus.ee\/en\/wp-json\/wp\/v2\/media\/13313"}],"wp:attachment":[{"href":"https:\/\/ursus.ee\/en\/wp-json\/wp\/v2\/media?parent=13312"}],"wp:term":[{"taxonomy":"product_brand","embeddable":true,"href":"https:\/\/ursus.ee\/en\/wp-json\/wp\/v2\/product_brand?post=13312"},{"taxonomy":"product_cat","embeddable":true,"href":"https:\/\/ursus.ee\/en\/wp-json\/wp\/v2\/product_cat?post=13312"},{"taxonomy":"product_tag","embeddable":true,"href":"https:\/\/ursus.ee\/en\/wp-json\/wp\/v2\/product_tag?post=13312"}],"curies":[{"name":"wp","href":"https:\/\/api.w.org\/{rel}","templated":true}]}}