{"id":13308,"date":"2025-12-16T19:10:14","date_gmt":"2025-12-16T17:10:14","guid":{"rendered":"https:\/\/ursus.ee\/toode\/lauvarvipintsel-hajutamiseks-ec-e03\/"},"modified":"2026-03-27T16:21:36","modified_gmt":"2026-03-27T14:21:36","slug":"lauvarvipintsel-hajutamiseks-ec-e03","status":"publish","type":"product","link":"https:\/\/ursus.ee\/en\/toode\/lauvarvipintsel-hajutamiseks-ec-e03\/","title":{"rendered":"Lauv\u00e4rvipintsel hajutamiseks EC E03"},"content":{"rendered":"<p>E03 \u00fcmara otsaga hajutamispintsel sobib ideaalselt lauv\u00e4rvi pealekandmiseks hajutamiseks. Sobib vedelate, pressitud, lahtiste ja kreemjate tekstuuride peale kandmiseks. Valmistatud k\u00e4sitsi kvaliteetsest s\u00fcnteetiliste (30%) ja looduslike (70%) harjaste segust. Ergonoomilise kuju ja pikkusega lakitud puidust k\u00e4epide.<\/p>\n","protected":false},"excerpt":{"rendered":"<p>E03 \u00fcmara otsaga hajutamispintsel sobib ideaalselt lauv\u00e4rvi pealekandmiseks hajutamiseks. Sobib vedelate, pressitud, lahtiste ja kreemjate tekstuuride peale kandmiseks. Valmistatud k\u00e4sitsi kvaliteetsest s\u00fcnteetiliste (30%) ja looduslike (70%) harjaste segust. Ergonoomilise kuju ja pikkusega lakitud puidust k\u00e4epide.<\/p>\n","protected":false},"featured_media":13309,"comment_status":"closed","ping_status":"open","template":"","meta":{"_acf_changed":false},"product_brand":[187],"product_cat":[188,311],"product_tag":[],"class_list":{"0":"post-13308","1":"product","2":"type-product","3":"status-publish","4":"has-post-thumbnail","6":"product_brand-eveline-cosmetics","7":"product_cat-naohooldus","8":"product_cat-dekoratiivkosmeetika","9":"pa_kogus-1-tk","10":"pa_paritolumaa-poola","11":"pa_uhik-tk","13":"first","14":"instock","15":"purchasable","16":"product-type-simple"},"acf":[],"_links":{"self":[{"href":"https:\/\/ursus.ee\/en\/wp-json\/wp\/v2\/product\/13308","targetHints":{"allow":["GET"]}}],"collection":[{"href":"https:\/\/ursus.ee\/en\/wp-json\/wp\/v2\/product"}],"about":[{"href":"https:\/\/ursus.ee\/en\/wp-json\/wp\/v2\/types\/product"}],"replies":[{"embeddable":true,"href":"https:\/\/ursus.ee\/en\/wp-json\/wp\/v2\/comments?post=13308"}],"wp:featuredmedia":[{"embeddable":true,"href":"https:\/\/ursus.ee\/en\/wp-json\/wp\/v2\/media\/13309"}],"wp:attachment":[{"href":"https:\/\/ursus.ee\/en\/wp-json\/wp\/v2\/media?parent=13308"}],"wp:term":[{"taxonomy":"product_brand","embeddable":true,"href":"https:\/\/ursus.ee\/en\/wp-json\/wp\/v2\/product_brand?post=13308"},{"taxonomy":"product_cat","embeddable":true,"href":"https:\/\/ursus.ee\/en\/wp-json\/wp\/v2\/product_cat?post=13308"},{"taxonomy":"product_tag","embeddable":true,"href":"https:\/\/ursus.ee\/en\/wp-json\/wp\/v2\/product_tag?post=13308"}],"curies":[{"name":"wp","href":"https:\/\/api.w.org\/{rel}","templated":true}]}}