{"id":13292,"date":"2025-12-16T19:08:29","date_gmt":"2025-12-16T17:08:29","guid":{"rendered":"https:\/\/ursus.ee\/toode\/meigipintsel-lahtisele-pressitud-ja-mineraalpuudrile-ec-f01\/"},"modified":"2026-03-27T16:21:36","modified_gmt":"2026-03-27T14:21:36","slug":"meigipintsel-lahtisele-pressitud-ja-mineraalpuudrile-ec-f01","status":"publish","type":"product","link":"https:\/\/ursus.ee\/en\/toode\/meigipintsel-lahtisele-pressitud-ja-mineraalpuudrile-ec-f01\/","title":{"rendered":"Meigipintsel lahtisele, pressitud ja mineraalpuudrile EC F01"},"content":{"rendered":"<p>Pehmete harjaste ja spetsiaalselt disainitud kujuga puudripintsel F01 sobib ideaalselt puudri nahale kandmiseks. Sobib kasutamiseks lahtisele, pressitud ja mineraalpuudrile. Valmistatud k\u00e4sitsi kvaliteetsest s\u00fcnteetiliste (30%) ja looduslike (70%) harjaste segust. Ergonoomilise kuju ja pikkusega lakitud puidust k\u00e4epide.<\/p>\n","protected":false},"excerpt":{"rendered":"<p>Pehmete harjaste ja spetsiaalselt disainitud kujuga puudripintsel F01 sobib ideaalselt puudri nahale kandmiseks. Sobib kasutamiseks lahtisele, pressitud ja mineraalpuudrile. Valmistatud k\u00e4sitsi kvaliteetsest s\u00fcnteetiliste (30%) ja looduslike (70%) harjaste segust. Ergonoomilise kuju ja pikkusega lakitud puidust k\u00e4epide.<\/p>\n","protected":false},"featured_media":13293,"comment_status":"closed","ping_status":"open","template":"","meta":{"_acf_changed":false},"product_brand":[187],"product_cat":[188,311],"product_tag":[],"class_list":{"0":"post-13292","1":"product","2":"type-product","3":"status-publish","4":"has-post-thumbnail","6":"product_brand-eveline-cosmetics","7":"product_cat-naohooldus","8":"product_cat-dekoratiivkosmeetika","9":"pa_kogus-1-tk","10":"pa_paritolumaa-poola","11":"pa_uhik-tk","13":"first","14":"instock","15":"purchasable","16":"product-type-simple"},"acf":[],"_links":{"self":[{"href":"https:\/\/ursus.ee\/en\/wp-json\/wp\/v2\/product\/13292","targetHints":{"allow":["GET"]}}],"collection":[{"href":"https:\/\/ursus.ee\/en\/wp-json\/wp\/v2\/product"}],"about":[{"href":"https:\/\/ursus.ee\/en\/wp-json\/wp\/v2\/types\/product"}],"replies":[{"embeddable":true,"href":"https:\/\/ursus.ee\/en\/wp-json\/wp\/v2\/comments?post=13292"}],"wp:featuredmedia":[{"embeddable":true,"href":"https:\/\/ursus.ee\/en\/wp-json\/wp\/v2\/media\/13293"}],"wp:attachment":[{"href":"https:\/\/ursus.ee\/en\/wp-json\/wp\/v2\/media?parent=13292"}],"wp:term":[{"taxonomy":"product_brand","embeddable":true,"href":"https:\/\/ursus.ee\/en\/wp-json\/wp\/v2\/product_brand?post=13292"},{"taxonomy":"product_cat","embeddable":true,"href":"https:\/\/ursus.ee\/en\/wp-json\/wp\/v2\/product_cat?post=13292"},{"taxonomy":"product_tag","embeddable":true,"href":"https:\/\/ursus.ee\/en\/wp-json\/wp\/v2\/product_tag?post=13292"}],"curies":[{"name":"wp","href":"https:\/\/api.w.org\/{rel}","templated":true}]}}