{"id":13289,"date":"2025-12-16T19:08:29","date_gmt":"2025-12-16T17:08:29","guid":{"rendered":"https:\/\/ursus.ee\/toode\/magic-blender-meigisvamm\/"},"modified":"2026-03-27T16:21:36","modified_gmt":"2026-03-27T14:21:36","slug":"magic-blender-meigisvamm","status":"publish","type":"product","link":"https:\/\/ursus.ee\/en\/toode\/magic-blender-meigisvamm\/","title":{"rendered":"Magic Blender meigisvamm"},"content":{"rendered":"<p>Uuendusliku k\u00e4rjekujulise struktuuriga meigisvamm, mis ei ima meigitoodet endasse, v\u00e4hendades seel\u00e4bi tootekulu. Meigisvammi kuju tagab jumestuskreemi mugava, kiire ja veatu peale kandmise. Sobib kasutamiseks nii vedelate kui kreemjate jumestuskreemide peale kandmiseks.<\/p>\n","protected":false},"excerpt":{"rendered":"<p>Uuendusliku k\u00e4rjekujulise struktuuriga meigisvamm, mis ei ima meigitoodet endasse, v\u00e4hendades seel\u00e4bi tootekulu. Meigisvammi kuju tagab jumestuskreemi mugava, kiire ja veatu peale kandmise. Sobib kasutamiseks nii vedelate kui kreemjate jumestuskreemide peale kandmiseks.<\/p>\n","protected":false},"featured_media":13290,"comment_status":"closed","ping_status":"open","template":"","meta":{"_acf_changed":false},"product_brand":[187],"product_cat":[188,311],"product_tag":[],"class_list":{"0":"post-13289","1":"product","2":"type-product","3":"status-publish","4":"has-post-thumbnail","6":"product_brand-eveline-cosmetics","7":"product_cat-naohooldus","8":"product_cat-dekoratiivkosmeetika","9":"pa_kogus-1-tk","10":"pa_paritolumaa-poola","11":"pa_uhik-tk","13":"first","14":"instock","15":"purchasable","16":"product-type-simple"},"acf":[],"_links":{"self":[{"href":"https:\/\/ursus.ee\/en\/wp-json\/wp\/v2\/product\/13289","targetHints":{"allow":["GET"]}}],"collection":[{"href":"https:\/\/ursus.ee\/en\/wp-json\/wp\/v2\/product"}],"about":[{"href":"https:\/\/ursus.ee\/en\/wp-json\/wp\/v2\/types\/product"}],"replies":[{"embeddable":true,"href":"https:\/\/ursus.ee\/en\/wp-json\/wp\/v2\/comments?post=13289"}],"wp:featuredmedia":[{"embeddable":true,"href":"https:\/\/ursus.ee\/en\/wp-json\/wp\/v2\/media\/13290"}],"wp:attachment":[{"href":"https:\/\/ursus.ee\/en\/wp-json\/wp\/v2\/media?parent=13289"}],"wp:term":[{"taxonomy":"product_brand","embeddable":true,"href":"https:\/\/ursus.ee\/en\/wp-json\/wp\/v2\/product_brand?post=13289"},{"taxonomy":"product_cat","embeddable":true,"href":"https:\/\/ursus.ee\/en\/wp-json\/wp\/v2\/product_cat?post=13289"},{"taxonomy":"product_tag","embeddable":true,"href":"https:\/\/ursus.ee\/en\/wp-json\/wp\/v2\/product_tag?post=13289"}],"curies":[{"name":"wp","href":"https:\/\/api.w.org\/{rel}","templated":true}]}}