{"id":13287,"date":"2025-12-16T19:08:29","date_gmt":"2025-12-16T17:08:29","guid":{"rendered":"https:\/\/ursus.ee\/toode\/peitekreem-wonder-match-lumi-vitamiin-c-nr-20-warm\/"},"modified":"2026-03-30T16:37:15","modified_gmt":"2026-03-30T13:37:15","slug":"peitekreem-wonder-match-lumi-vitamiin-c-nr-20-warm","status":"publish","type":"product","link":"https:\/\/ursus.ee\/en\/toode\/peitekreem-wonder-match-lumi-vitamiin-c-nr-20-warm\/","title":{"rendered":"Peitekreem Wonder Match Lumi vitamiin C nr.20 Warm"},"content":{"rendered":"<p>Wonder Matchi Lumi SPF 20 peitekreem v\u00e4hendab v\u00e4rvimuutuste, tumedate silmaaluste ja punetuse n\u00e4htavust. Kreemjas tekstuur, mille koostises olevad h\u00fcaluroonhape, niatsinamiid ja C-vitamiin toidavad nahka. Katab koheselt naha iluvead ja ebat\u00e4iused, kindlustades perfektse viimistluse.<\/p>\n","protected":false},"excerpt":{"rendered":"<p>Wonder Matchi Lumi SPF 20 peitekreem v\u00e4hendab v\u00e4rvimuutuste, tumedate silmaaluste ja punetuse n\u00e4htavust. Kreemjas tekstuur, mille koostises olevad h\u00fcaluroonhape, niatsinamiid ja C-vitamiin toidavad nahka. Katab koheselt naha iluvead ja ebat\u00e4iused, kindlustades perfektse viimistluse.<\/p>\n","protected":false},"featured_media":13288,"comment_status":"closed","ping_status":"closed","template":"","meta":{"_acf_changed":false},"product_brand":[187],"product_cat":[188,311],"product_tag":[],"class_list":{"0":"post-13287","1":"product","2":"type-product","3":"status-publish","4":"has-post-thumbnail","6":"product_brand-eveline-cosmetics","7":"product_cat-naohooldus","8":"product_cat-dekoratiivkosmeetika","9":"pa_kogus-68-ml","10":"pa_koostis-aqua-water-cyclopentasiloxane-ethylhexyl-methoxycinnamate-glycerin-caprylic-capric-triglyceride-cetyl-peg-ppg-10-1-dimethicone-isododecane-polybutene-phenyl-trimethicone-synthetic-fluorphl","11":"pa_paritolumaa-poola","12":"pa_uhik-ml","14":"first","15":"instock","16":"purchasable","17":"product-type-simple"},"acf":[],"_links":{"self":[{"href":"https:\/\/ursus.ee\/en\/wp-json\/wp\/v2\/product\/13287","targetHints":{"allow":["GET"]}}],"collection":[{"href":"https:\/\/ursus.ee\/en\/wp-json\/wp\/v2\/product"}],"about":[{"href":"https:\/\/ursus.ee\/en\/wp-json\/wp\/v2\/types\/product"}],"replies":[{"embeddable":true,"href":"https:\/\/ursus.ee\/en\/wp-json\/wp\/v2\/comments?post=13287"}],"wp:featuredmedia":[{"embeddable":true,"href":"https:\/\/ursus.ee\/en\/wp-json\/wp\/v2\/media\/13288"}],"wp:attachment":[{"href":"https:\/\/ursus.ee\/en\/wp-json\/wp\/v2\/media?parent=13287"}],"wp:term":[{"taxonomy":"product_brand","embeddable":true,"href":"https:\/\/ursus.ee\/en\/wp-json\/wp\/v2\/product_brand?post=13287"},{"taxonomy":"product_cat","embeddable":true,"href":"https:\/\/ursus.ee\/en\/wp-json\/wp\/v2\/product_cat?post=13287"},{"taxonomy":"product_tag","embeddable":true,"href":"https:\/\/ursus.ee\/en\/wp-json\/wp\/v2\/product_tag?post=13287"}],"curies":[{"name":"wp","href":"https:\/\/api.w.org\/{rel}","templated":true}]}}