{"id":13279,"date":"2025-12-16T19:08:29","date_gmt":"2025-12-16T17:08:29","guid":{"rendered":"https:\/\/ursus.ee\/toode\/kontuuripalett-wonder-match-n01\/"},"modified":"2026-03-27T16:21:35","modified_gmt":"2026-03-27T14:21:35","slug":"kontuuripalett-wonder-match-n01","status":"publish","type":"product","link":"https:\/\/ursus.ee\/en\/toode\/kontuuripalett-wonder-match-n01\/","title":{"rendered":"Kontuuripalett Wonder Match n01"},"content":{"rendered":"<p>Multifunktsionaalne kontuurpalett sisaldab bronzerit, p\u00f5sepuna, highlighterit ja puudrit. Sobib suurep\u00e4raselt nii p\u00e4eva- kui ka \u00f5htumeigiks. \u0160okolaadil\u00f5hnaline vegan koostis.<\/p>\n","protected":false},"excerpt":{"rendered":"<p>Multifunktsionaalne kontuurpalett sisaldab bronzerit, p\u00f5sepuna, highlighterit ja puudrit. Sobib suurep\u00e4raselt nii p\u00e4eva- kui ka \u00f5htumeigiks. \u0160okolaadil\u00f5hnaline vegan koostis.<\/p>\n","protected":false},"featured_media":13280,"comment_status":"closed","ping_status":"open","template":"","meta":{"_acf_changed":false},"product_brand":[187],"product_cat":[188,311],"product_tag":[],"class_list":{"0":"post-13279","1":"product","2":"type-product","3":"status-publish","4":"has-post-thumbnail","6":"product_brand-eveline-cosmetics","7":"product_cat-naohooldus","8":"product_cat-dekoratiivkosmeetika","9":"pa_kogus-1-tk","10":"pa_koostis-micatalcsynthetic-fluorphlogopiteisododecanemagnesium-stearatesilicadimethiconeoctyldodecyl-stearoyl-stearateethylhexyl-palmitateboron-nitridetridecyl-trimellitatepolyethyleneisononyl-iso","11":"pa_paritolumaa-poola","12":"pa_uhik-tk","14":"first","15":"instock","16":"purchasable","17":"product-type-simple"},"acf":[],"_links":{"self":[{"href":"https:\/\/ursus.ee\/en\/wp-json\/wp\/v2\/product\/13279","targetHints":{"allow":["GET"]}}],"collection":[{"href":"https:\/\/ursus.ee\/en\/wp-json\/wp\/v2\/product"}],"about":[{"href":"https:\/\/ursus.ee\/en\/wp-json\/wp\/v2\/types\/product"}],"replies":[{"embeddable":true,"href":"https:\/\/ursus.ee\/en\/wp-json\/wp\/v2\/comments?post=13279"}],"wp:featuredmedia":[{"embeddable":true,"href":"https:\/\/ursus.ee\/en\/wp-json\/wp\/v2\/media\/13280"}],"wp:attachment":[{"href":"https:\/\/ursus.ee\/en\/wp-json\/wp\/v2\/media?parent=13279"}],"wp:term":[{"taxonomy":"product_brand","embeddable":true,"href":"https:\/\/ursus.ee\/en\/wp-json\/wp\/v2\/product_brand?post=13279"},{"taxonomy":"product_cat","embeddable":true,"href":"https:\/\/ursus.ee\/en\/wp-json\/wp\/v2\/product_cat?post=13279"},{"taxonomy":"product_tag","embeddable":true,"href":"https:\/\/ursus.ee\/en\/wp-json\/wp\/v2\/product_tag?post=13279"}],"curies":[{"name":"wp","href":"https:\/\/api.w.org\/{rel}","templated":true}]}}