{"id":13277,"date":"2025-12-16T19:08:29","date_gmt":"2025-12-16T17:08:29","guid":{"rendered":"https:\/\/ursus.ee\/toode\/jumestuskreem-wonder-match-lumi-spf20-nr-25-warm-nude\/"},"modified":"2026-03-30T16:39:04","modified_gmt":"2026-03-30T13:39:04","slug":"jumestuskreem-wonder-match-lumi-spf20-nr-25-warm-nude","status":"publish","type":"product","link":"https:\/\/ursus.ee\/en\/toode\/jumestuskreem-wonder-match-lumi-spf20-nr-25-warm-nude\/","title":{"rendered":"Jumestuskreem Wonder Match Lumi SPF20 nr.25 Warm nude"},"content":{"rendered":"<p>Unikaalne Wonder Match Lumi jumestuskreem on neile, kes soovivad hoolitsust ja t\u00e4iuslikku meiki samaaegselt. C-vitamiin toob esile naha loomulikku s\u00e4ra ja h\u00fcaluroonhape tagab niisutuse. Prantsuse roosi ekstrakt silub nahka ja omab kortsudevastaseid omadusi. Antioks\u00fcdantsete omadustega niatsiinamiid kaitseb nahka, niisutab ja noorendab ning moringa seemne ekstrakt v\u00e4rskendab jumet, optimeerib rasueritust ja eemaldab n\u00e4ost v\u00e4simuse. SPF 20 kaitseb nahka UV-kiirguse eest.<\/p>\n","protected":false},"excerpt":{"rendered":"<p>Unikaalne Wonder Match Lumi jumestuskreem on neile, kes soovivad hoolitsust ja t\u00e4iuslikku meiki samaaegselt. C-vitamiin toob esile naha loomulikku s\u00e4ra ja h\u00fcaluroonhape tagab niisutuse. Prantsuse roosi ekstrakt silub nahka ja omab kortsudevastaseid omadusi. Antioks\u00fcdantsete omadustega niatsiinamiid kaitseb nahka, niisutab ja noorendab ning moringa seemne ekstrakt v\u00e4rskendab jumet, optimeerib rasueritust ja eemaldab n\u00e4ost v\u00e4simuse. SPF 20<\/p>\n","protected":false},"featured_media":13278,"comment_status":"closed","ping_status":"closed","template":"","meta":{"_acf_changed":false},"product_brand":[187],"product_cat":[188,311],"product_tag":[],"class_list":{"0":"post-13277","1":"product","2":"type-product","3":"status-publish","4":"has-post-thumbnail","6":"product_brand-eveline-cosmetics","7":"product_cat-naohooldus","8":"product_cat-dekoratiivkosmeetika","9":"pa_kogus-30-ml","10":"pa_koostis-aqua-water-dimethicone-ethylhexyl-methoxycinnamate-cetyl-peg-ppg-10-1-dimethicone-isododecane-glycerin-isodecyl-neopentanoate-mica-coco-caprylate-caprate-peg-10-dimethicone-butylene-glyco","11":"pa_paritolumaa-poola","12":"pa_uhik-ml","14":"first","15":"instock","16":"purchasable","17":"product-type-simple"},"acf":[],"_links":{"self":[{"href":"https:\/\/ursus.ee\/en\/wp-json\/wp\/v2\/product\/13277","targetHints":{"allow":["GET"]}}],"collection":[{"href":"https:\/\/ursus.ee\/en\/wp-json\/wp\/v2\/product"}],"about":[{"href":"https:\/\/ursus.ee\/en\/wp-json\/wp\/v2\/types\/product"}],"replies":[{"embeddable":true,"href":"https:\/\/ursus.ee\/en\/wp-json\/wp\/v2\/comments?post=13277"}],"wp:featuredmedia":[{"embeddable":true,"href":"https:\/\/ursus.ee\/en\/wp-json\/wp\/v2\/media\/13278"}],"wp:attachment":[{"href":"https:\/\/ursus.ee\/en\/wp-json\/wp\/v2\/media?parent=13277"}],"wp:term":[{"taxonomy":"product_brand","embeddable":true,"href":"https:\/\/ursus.ee\/en\/wp-json\/wp\/v2\/product_brand?post=13277"},{"taxonomy":"product_cat","embeddable":true,"href":"https:\/\/ursus.ee\/en\/wp-json\/wp\/v2\/product_cat?post=13277"},{"taxonomy":"product_tag","embeddable":true,"href":"https:\/\/ursus.ee\/en\/wp-json\/wp\/v2\/product_tag?post=13277"}],"curies":[{"name":"wp","href":"https:\/\/api.w.org\/{rel}","templated":true}]}}