{"id":13270,"date":"2025-12-16T19:08:29","date_gmt":"2025-12-16T17:08:29","guid":{"rendered":"https:\/\/ursus.ee\/toode\/seerum-primer-wonder-match-3in1\/"},"modified":"2026-03-27T16:21:37","modified_gmt":"2026-03-27T14:21:37","slug":"seerum-primer-wonder-match-3in1","status":"publish","type":"product","link":"https:\/\/ursus.ee\/en\/toode\/seerum-primer-wonder-match-3in1\/","title":{"rendered":"Seerum-primer Wonder Match 3in1"},"content":{"rendered":"<p>Multifunktsionaalne seerum &#8211; meigip\u00f5hi, mis \u00fchtlustab nahatooni ja parandab naha tekstuuri, samuti loob ideaalse ja sileda p\u00f5hja meigi pealekandmiseks. Spetsiaalne, kerge koostis ei j\u00e4ta nahka rasuseks ja kasutades jumestuse all, pikendab see m\u00e4rgatavalt meigi p\u00fcsivust. Meigialuskreem kirgastab, niisutab ja kaitseb nahka kuivuse eest ning pikendab meigi vastupidavust.<\/p>\n","protected":false},"excerpt":{"rendered":"<p>Multifunktsionaalne seerum &#8211; meigip\u00f5hi, mis \u00fchtlustab nahatooni ja parandab naha tekstuuri, samuti loob ideaalse ja sileda p\u00f5hja meigi pealekandmiseks. Spetsiaalne, kerge koostis ei j\u00e4ta nahka rasuseks ja kasutades jumestuse all, pikendab see m\u00e4rgatavalt meigi p\u00fcsivust. Meigialuskreem kirgastab, niisutab ja kaitseb nahka kuivuse eest ning pikendab meigi vastupidavust.<\/p>\n","protected":false},"featured_media":13716,"comment_status":"closed","ping_status":"closed","template":"","meta":{"_acf_changed":false},"product_brand":[187],"product_cat":[188,311],"product_tag":[],"class_list":{"0":"post-13270","1":"product","2":"type-product","3":"status-publish","4":"has-post-thumbnail","6":"product_brand-eveline-cosmetics","7":"product_cat-naohooldus","8":"product_cat-dekoratiivkosmeetika","9":"pa_kogus-30-ml","10":"pa_koostis-aqua-water-ethylhexyl-methoxycinnamate-caprylic-capric-triglyceride-glycerin-glyceryl-stearate-peg-100-stearate-c12-15-alkyl-benzoate-cetyl-alcohol-methylene-bis-benzotriazolyl-tetramethylb","11":"pa_paritolumaa-poola","12":"pa_uhik-ml","14":"first","15":"instock","16":"purchasable","17":"product-type-simple"},"acf":[],"_links":{"self":[{"href":"https:\/\/ursus.ee\/en\/wp-json\/wp\/v2\/product\/13270","targetHints":{"allow":["GET"]}}],"collection":[{"href":"https:\/\/ursus.ee\/en\/wp-json\/wp\/v2\/product"}],"about":[{"href":"https:\/\/ursus.ee\/en\/wp-json\/wp\/v2\/types\/product"}],"replies":[{"embeddable":true,"href":"https:\/\/ursus.ee\/en\/wp-json\/wp\/v2\/comments?post=13270"}],"wp:featuredmedia":[{"embeddable":true,"href":"https:\/\/ursus.ee\/en\/wp-json\/wp\/v2\/media\/13716"}],"wp:attachment":[{"href":"https:\/\/ursus.ee\/en\/wp-json\/wp\/v2\/media?parent=13270"}],"wp:term":[{"taxonomy":"product_brand","embeddable":true,"href":"https:\/\/ursus.ee\/en\/wp-json\/wp\/v2\/product_brand?post=13270"},{"taxonomy":"product_cat","embeddable":true,"href":"https:\/\/ursus.ee\/en\/wp-json\/wp\/v2\/product_cat?post=13270"},{"taxonomy":"product_tag","embeddable":true,"href":"https:\/\/ursus.ee\/en\/wp-json\/wp\/v2\/product_tag?post=13270"}],"curies":[{"name":"wp","href":"https:\/\/api.w.org\/{rel}","templated":true}]}}