{"id":13266,"date":"2025-12-16T19:08:29","date_gmt":"2025-12-16T17:08:29","guid":{"rendered":"https:\/\/ursus.ee\/toode\/lauvarvide-palett-but-why-not\/"},"modified":"2026-03-30T16:31:42","modified_gmt":"2026-03-30T13:31:42","slug":"lauvarvide-palett-but-why-not","status":"publish","type":"product","link":"https:\/\/ursus.ee\/en\/toode\/lauvarvide-palett-but-why-not\/","title":{"rendered":"Lauv\u00e4rvide palett But Why Not?"},"content":{"rendered":"<p>K\u00f5rge pigmentatsiooniga lauv\u00e4rvid on kergesti segunevad ja hea katvusega. Sobib nii p\u00e4eva- kui ka \u00f5htumeigiks. Palett koosneb 9 neutraalsest pruunist ja roosakast toonist &#8211; 6 matti tooni ja 3 s\u00e4delevat.<\/p>\n","protected":false},"excerpt":{"rendered":"<p>K\u00f5rge pigmentatsiooniga lauv\u00e4rvid on kergesti segunevad ja hea katvusega. Sobib nii p\u00e4eva- kui ka \u00f5htumeigiks. Palett koosneb 9 neutraalsest pruunist ja roosakast toonist &#8211; 6 matti tooni ja 3 s\u00e4delevat.<\/p>\n","protected":false},"featured_media":13267,"comment_status":"closed","ping_status":"closed","template":"","meta":{"_acf_changed":false},"product_brand":[187],"product_cat":[188,311],"product_tag":[],"class_list":{"0":"post-13266","1":"product","2":"type-product","3":"status-publish","4":"has-post-thumbnail","6":"product_brand-eveline-cosmetics","7":"product_cat-naohooldus","8":"product_cat-dekoratiivkosmeetika","9":"pa_kogus-1-tk","10":"pa_koostis-talk-vilgukivi-magneesiummuristaat-kaoliin-vedelparafiin-etuulheksuulpalmitaat-poluisobuteen-fenoksuetanool-ci-77491-ci-77492-ci-77499-ci-77891-ci-77742-ci-16035-ci-45410","11":"pa_paritolumaa-poola","12":"pa_uhik-tk","14":"first","15":"instock","16":"purchasable","17":"product-type-simple"},"acf":[],"_links":{"self":[{"href":"https:\/\/ursus.ee\/en\/wp-json\/wp\/v2\/product\/13266","targetHints":{"allow":["GET"]}}],"collection":[{"href":"https:\/\/ursus.ee\/en\/wp-json\/wp\/v2\/product"}],"about":[{"href":"https:\/\/ursus.ee\/en\/wp-json\/wp\/v2\/types\/product"}],"replies":[{"embeddable":true,"href":"https:\/\/ursus.ee\/en\/wp-json\/wp\/v2\/comments?post=13266"}],"wp:featuredmedia":[{"embeddable":true,"href":"https:\/\/ursus.ee\/en\/wp-json\/wp\/v2\/media\/13267"}],"wp:attachment":[{"href":"https:\/\/ursus.ee\/en\/wp-json\/wp\/v2\/media?parent=13266"}],"wp:term":[{"taxonomy":"product_brand","embeddable":true,"href":"https:\/\/ursus.ee\/en\/wp-json\/wp\/v2\/product_brand?post=13266"},{"taxonomy":"product_cat","embeddable":true,"href":"https:\/\/ursus.ee\/en\/wp-json\/wp\/v2\/product_cat?post=13266"},{"taxonomy":"product_tag","embeddable":true,"href":"https:\/\/ursus.ee\/en\/wp-json\/wp\/v2\/product_tag?post=13266"}],"curies":[{"name":"wp","href":"https:\/\/api.w.org\/{rel}","templated":true}]}}