{"id":13259,"date":"2025-12-16T19:08:29","date_gmt":"2025-12-16T17:08:29","guid":{"rendered":"https:\/\/ursus.ee\/toode\/silmalainer-variete-veekindel\/"},"modified":"2026-03-27T16:21:38","modified_gmt":"2026-03-27T14:21:38","slug":"silmalainer-variete-veekindel","status":"publish","type":"product","link":"https:\/\/ursus.ee\/en\/toode\/silmalainer-variete-veekindel\/","title":{"rendered":"Silmalainer Variete Veekindel"},"content":{"rendered":"<p>Variete silmalainer annab sulle k\u00f5ike, mida oled seni lainerilt oodanud ja v\u00f5ib-olla isegi rohkem! Uskumatult s\u00fcgav must v\u00e4rv, kiiresti kuivav, veekindel koostis ja 24-tunnine vastupidavus tagavad veatu v\u00e4limuse kogu p\u00e4evaks. Mugav, terava otsaga aplikaator h\u00f5lbustab t\u00e4pset pealekandmist ja v\u00f5imaldab luua t\u00e4iuslikke jooni ilma probleemideta.<\/p>\n","protected":false},"excerpt":{"rendered":"<p>Variete silmalainer annab sulle k\u00f5ike, mida oled seni lainerilt oodanud ja v\u00f5ib-olla isegi rohkem! Uskumatult s\u00fcgav must v\u00e4rv, kiiresti kuivav, veekindel koostis ja 24-tunnine vastupidavus tagavad veatu v\u00e4limuse kogu p\u00e4evaks. Mugav, terava otsaga aplikaator h\u00f5lbustab t\u00e4pset pealekandmist ja v\u00f5imaldab luua t\u00e4iuslikke jooni ilma probleemideta.<\/p>\n","protected":false},"featured_media":13260,"comment_status":"closed","ping_status":"open","template":"","meta":{"_acf_changed":false},"product_brand":[187],"product_cat":[188,311],"product_tag":[],"class_list":{"0":"post-13259","1":"product","2":"type-product","3":"status-publish","4":"has-post-thumbnail","6":"product_brand-eveline-cosmetics","7":"product_cat-naohooldus","8":"product_cat-dekoratiivkosmeetika","9":"pa_kogus-7-ml","10":"pa_koostis-aqua-acrylates-copolymer-butylene-glycol-styrene-acrylates-copolymer-acrylates-ethylhexyl-acrylate-copolymer-acrylates-dimethylaminoethyl-methacrylate-copolymer-ammonium-acrylates-copolymer-ph","11":"pa_paritolumaa-poola","12":"pa_uhik-ml","14":"first","15":"instock","16":"purchasable","17":"product-type-simple"},"acf":[],"_links":{"self":[{"href":"https:\/\/ursus.ee\/en\/wp-json\/wp\/v2\/product\/13259","targetHints":{"allow":["GET"]}}],"collection":[{"href":"https:\/\/ursus.ee\/en\/wp-json\/wp\/v2\/product"}],"about":[{"href":"https:\/\/ursus.ee\/en\/wp-json\/wp\/v2\/types\/product"}],"replies":[{"embeddable":true,"href":"https:\/\/ursus.ee\/en\/wp-json\/wp\/v2\/comments?post=13259"}],"wp:featuredmedia":[{"embeddable":true,"href":"https:\/\/ursus.ee\/en\/wp-json\/wp\/v2\/media\/13260"}],"wp:attachment":[{"href":"https:\/\/ursus.ee\/en\/wp-json\/wp\/v2\/media?parent=13259"}],"wp:term":[{"taxonomy":"product_brand","embeddable":true,"href":"https:\/\/ursus.ee\/en\/wp-json\/wp\/v2\/product_brand?post=13259"},{"taxonomy":"product_cat","embeddable":true,"href":"https:\/\/ursus.ee\/en\/wp-json\/wp\/v2\/product_cat?post=13259"},{"taxonomy":"product_tag","embeddable":true,"href":"https:\/\/ursus.ee\/en\/wp-json\/wp\/v2\/product_tag?post=13259"}],"curies":[{"name":"wp","href":"https:\/\/api.w.org\/{rel}","templated":true}]}}