{"id":13243,"date":"2025-12-16T19:05:59","date_gmt":"2025-12-16T17:05:59","guid":{"rendered":"https:\/\/ursus.ee\/toode\/variete-silmapliiats-gel-01\/"},"modified":"2026-03-27T16:21:38","modified_gmt":"2026-03-27T14:21:38","slug":"variete-silmapliiats-gel-01","status":"publish","type":"product","link":"https:\/\/ursus.ee\/en\/toode\/variete-silmapliiats-gel-01\/","title":{"rendered":"Variete Silmapliiats Gel 01"},"content":{"rendered":"<p>Geelpliiats, mis sobib suurep\u00e4raselt mitte ainult lainerijoone tegemiseks ripsmepiirile, vaid ka silmapliiatsiks v\u00f5i lauv\u00e4rvip\u00f5hjaks. T\u00e4nu oma pehmele koostisele ja k\u00e4ep\u00e4rasele kujule on pliiatsi pealekandmine lihtne. Veekindel koostis tagab p\u00fcsivuse terveks p\u00e4evaks.<\/p>\n","protected":false},"excerpt":{"rendered":"<p>Geelpliiats, mis sobib suurep\u00e4raselt mitte ainult lainerijoone tegemiseks ripsmepiirile, vaid ka silmapliiatsiks v\u00f5i lauv\u00e4rvip\u00f5hjaks. T\u00e4nu oma pehmele koostisele ja k\u00e4ep\u00e4rasele kujule on pliiatsi pealekandmine lihtne. Veekindel koostis tagab p\u00fcsivuse terveks p\u00e4evaks.<\/p>\n","protected":false},"featured_media":13244,"comment_status":"closed","ping_status":"open","template":"","meta":{"_acf_changed":false},"product_brand":[187],"product_cat":[188,311],"product_tag":[],"class_list":{"0":"post-13243","1":"product","2":"type-product","3":"status-publish","4":"has-post-thumbnail","6":"product_brand-eveline-cosmetics","7":"product_cat-naohooldus","8":"product_cat-dekoratiivkosmeetika","9":"pa_kogus-1-tk","10":"pa_koostis-cyclopentasiloxane-trimethylsiloxysilicate-polyethylene-diisostearyl-malate-ceresin-mica-silica-synthetic-fluorphlogopite-synthetic-wax-caprylic-capric-triglyceride-dipentaerythrityl-pentai","11":"pa_paritolumaa-poola","12":"pa_uhik-tk","14":"first","15":"instock","16":"purchasable","17":"product-type-simple"},"acf":[],"_links":{"self":[{"href":"https:\/\/ursus.ee\/en\/wp-json\/wp\/v2\/product\/13243","targetHints":{"allow":["GET"]}}],"collection":[{"href":"https:\/\/ursus.ee\/en\/wp-json\/wp\/v2\/product"}],"about":[{"href":"https:\/\/ursus.ee\/en\/wp-json\/wp\/v2\/types\/product"}],"replies":[{"embeddable":true,"href":"https:\/\/ursus.ee\/en\/wp-json\/wp\/v2\/comments?post=13243"}],"wp:featuredmedia":[{"embeddable":true,"href":"https:\/\/ursus.ee\/en\/wp-json\/wp\/v2\/media\/13244"}],"wp:attachment":[{"href":"https:\/\/ursus.ee\/en\/wp-json\/wp\/v2\/media?parent=13243"}],"wp:term":[{"taxonomy":"product_brand","embeddable":true,"href":"https:\/\/ursus.ee\/en\/wp-json\/wp\/v2\/product_brand?post=13243"},{"taxonomy":"product_cat","embeddable":true,"href":"https:\/\/ursus.ee\/en\/wp-json\/wp\/v2\/product_cat?post=13243"},{"taxonomy":"product_tag","embeddable":true,"href":"https:\/\/ursus.ee\/en\/wp-json\/wp\/v2\/product_tag?post=13243"}],"curies":[{"name":"wp","href":"https:\/\/api.w.org\/{rel}","templated":true}]}}