{"id":13236,"date":"2025-12-16T19:05:59","date_gmt":"2025-12-16T17:05:59","guid":{"rendered":"https:\/\/ursus.ee\/toode\/browgo-fikseeriv-kulmugeel\/"},"modified":"2026-03-27T16:21:33","modified_gmt":"2026-03-27T14:21:33","slug":"browgo-fikseeriv-kulmugeel","status":"publish","type":"product","link":"https:\/\/ursus.ee\/en\/toode\/browgo-fikseeriv-kulmugeel\/","title":{"rendered":"Brow&#038;Go fikseeriv kulmugeel"},"content":{"rendered":"<p>Brow&#038;Go! kulmugeel on modelleeriv toode kulmude hooldamiseks, mis fikseerib kulmukarvad soovitud kujul. Geeljas koostis hoolitseb \u00f5rnalt kulmude eest ja annab neile loomuliku vol\u00fc\u00fcmi. Soovitatav on kasutada kulmude, ripsmete ja vajadusel ja juuste kujundamiseks, fikseerimiseks ja silumiseks.<\/p>\n","protected":false},"excerpt":{"rendered":"<p>Brow&#038;Go! kulmugeel on modelleeriv toode kulmude hooldamiseks, mis fikseerib kulmukarvad soovitud kujul. Geeljas koostis hoolitseb \u00f5rnalt kulmude eest ja annab neile loomuliku vol\u00fc\u00fcmi. Soovitatav on kasutada kulmude, ripsmete ja vajadusel ja juuste kujundamiseks, fikseerimiseks ja silumiseks.<\/p>\n","protected":false},"featured_media":13237,"comment_status":"closed","ping_status":"open","template":"","meta":{"_acf_changed":false},"product_brand":[187],"product_cat":[188,311],"product_tag":[],"class_list":{"0":"post-13236","1":"product","2":"type-product","3":"status-publish","4":"has-post-thumbnail","6":"product_brand-eveline-cosmetics","7":"product_cat-naohooldus","8":"product_cat-dekoratiivkosmeetika","9":"pa_kogus-6-ml","10":"pa_koostis-aqua-water-vp-va-copolymer-alcohol-denat-butylene-glycol-ammonium-acryloyldimethyltaurate-vp-copolymer-sodium-hyaluronate-panthenol-ethylhexylglycerin-phenoxyethanol","11":"pa_paritolumaa-poola","12":"pa_uhik-ml","14":"first","15":"instock","16":"purchasable","17":"product-type-simple"},"acf":[],"_links":{"self":[{"href":"https:\/\/ursus.ee\/en\/wp-json\/wp\/v2\/product\/13236","targetHints":{"allow":["GET"]}}],"collection":[{"href":"https:\/\/ursus.ee\/en\/wp-json\/wp\/v2\/product"}],"about":[{"href":"https:\/\/ursus.ee\/en\/wp-json\/wp\/v2\/types\/product"}],"replies":[{"embeddable":true,"href":"https:\/\/ursus.ee\/en\/wp-json\/wp\/v2\/comments?post=13236"}],"wp:featuredmedia":[{"embeddable":true,"href":"https:\/\/ursus.ee\/en\/wp-json\/wp\/v2\/media\/13237"}],"wp:attachment":[{"href":"https:\/\/ursus.ee\/en\/wp-json\/wp\/v2\/media?parent=13236"}],"wp:term":[{"taxonomy":"product_brand","embeddable":true,"href":"https:\/\/ursus.ee\/en\/wp-json\/wp\/v2\/product_brand?post=13236"},{"taxonomy":"product_cat","embeddable":true,"href":"https:\/\/ursus.ee\/en\/wp-json\/wp\/v2\/product_cat?post=13236"},{"taxonomy":"product_tag","embeddable":true,"href":"https:\/\/ursus.ee\/en\/wp-json\/wp\/v2\/product_tag?post=13236"}],"curies":[{"name":"wp","href":"https:\/\/api.w.org\/{rel}","templated":true}]}}