{"id":13232,"date":"2025-12-16T19:05:59","date_gmt":"2025-12-16T17:05:59","guid":{"rendered":"https:\/\/ursus.ee\/toode\/brow-go-kulmuvarv-dark-no2\/"},"modified":"2026-03-27T16:21:33","modified_gmt":"2026-03-27T14:21:33","slug":"brow-go-kulmuvarv-dark-no2","status":"publish","type":"product","link":"https:\/\/ursus.ee\/en\/toode\/brow-go-kulmuvarv-dark-no2\/","title":{"rendered":"Brow &#038; Go kulmuv\u00e4rv Dark no2"},"content":{"rendered":"<p>\u00dclit\u00e4pse harjaga kulmutu\u0161\u0161 t\u00f5stab kulmud esile, lisades vol\u00fc\u00fcmi ja t\u00e4idlust.<\/p>\n","protected":false},"excerpt":{"rendered":"<p>\u00dclit\u00e4pse harjaga kulmutu\u0161\u0161 t\u00f5stab kulmud esile, lisades vol\u00fc\u00fcmi ja t\u00e4idlust.<\/p>\n","protected":false},"featured_media":13233,"comment_status":"closed","ping_status":"open","template":"","meta":{"_acf_changed":false},"product_brand":[187],"product_cat":[188,311],"product_tag":[],"class_list":{"0":"post-13232","1":"product","2":"type-product","3":"status-publish","4":"has-post-thumbnail","6":"product_brand-eveline-cosmetics","7":"product_cat-naohooldus","8":"product_cat-dekoratiivkosmeetika","9":"pa_kogus-1-tk","10":"pa_koostis-aquawater-vp-va-copolymer-glycerin-cellulose-butylene-glycol-ammonium-acryloyldimethyltaurate-vp-copolymer-phenoxyethanol-dmdm-hydantoin-eyhylhexylglycerin-disodium-edta-may-contain","11":"pa_paritolumaa-poola","12":"pa_uhik-tk","14":"first","15":"instock","16":"purchasable","17":"product-type-simple"},"acf":[],"_links":{"self":[{"href":"https:\/\/ursus.ee\/en\/wp-json\/wp\/v2\/product\/13232","targetHints":{"allow":["GET"]}}],"collection":[{"href":"https:\/\/ursus.ee\/en\/wp-json\/wp\/v2\/product"}],"about":[{"href":"https:\/\/ursus.ee\/en\/wp-json\/wp\/v2\/types\/product"}],"replies":[{"embeddable":true,"href":"https:\/\/ursus.ee\/en\/wp-json\/wp\/v2\/comments?post=13232"}],"wp:featuredmedia":[{"embeddable":true,"href":"https:\/\/ursus.ee\/en\/wp-json\/wp\/v2\/media\/13233"}],"wp:attachment":[{"href":"https:\/\/ursus.ee\/en\/wp-json\/wp\/v2\/media?parent=13232"}],"wp:term":[{"taxonomy":"product_brand","embeddable":true,"href":"https:\/\/ursus.ee\/en\/wp-json\/wp\/v2\/product_brand?post=13232"},{"taxonomy":"product_cat","embeddable":true,"href":"https:\/\/ursus.ee\/en\/wp-json\/wp\/v2\/product_cat?post=13232"},{"taxonomy":"product_tag","embeddable":true,"href":"https:\/\/ursus.ee\/en\/wp-json\/wp\/v2\/product_tag?post=13232"}],"curies":[{"name":"wp","href":"https:\/\/api.w.org\/{rel}","templated":true}]}}