{"id":13225,"date":"2025-12-16T19:05:59","date_gmt":"2025-12-16T17:05:59","guid":{"rendered":"https:\/\/ursus.ee\/toode\/kulmupliiats-browgo-tumepruun\/"},"modified":"2026-03-27T16:21:35","modified_gmt":"2026-03-27T14:21:35","slug":"kulmupliiats-browgo-tumepruun","status":"publish","type":"product","link":"https:\/\/ursus.ee\/en\/toode\/kulmupliiats-browgo-tumepruun\/","title":{"rendered":"Kulmupliiats Brow&#038;Go! tumepruun"},"content":{"rendered":"<p>Lihtsasti kasutatav veekindel ja kauap\u00fcsiv kulmupliiats v\u00f5imaldab sul anda oma kulmudele kaunis tulemus vaid \u00fcht toodet kasutades, mis s\u00e4\u00e4stab sinu aega ja piirab jumestuseks vajalike toodete hulka. Pliiatsi v\u00e4rvipigmendiga osa on m\u00f5eldud kuju andmiseks ja kontuuride loomiseks, kulmuharja abil hajutage peale kantud v\u00e4rv k\u00f5ikidele kulmukarvadele ning modelleerige ja kujundage kulmude kuju. Kulmupliiats on tugeva pigmendiga, kulumisele ja h\u00f5\u00f5rumisele vastupidav ning ei pudise. Toode on saadaval kahes v\u00e4rvitoonis.<\/p>\n","protected":false},"excerpt":{"rendered":"<p>Lihtsasti kasutatav veekindel ja kauap\u00fcsiv kulmupliiats v\u00f5imaldab sul anda oma kulmudele kaunis tulemus vaid \u00fcht toodet kasutades, mis s\u00e4\u00e4stab sinu aega ja piirab jumestuseks vajalike toodete hulka. Pliiatsi v\u00e4rvipigmendiga osa on m\u00f5eldud kuju andmiseks ja kontuuride loomiseks, kulmuharja abil hajutage peale kantud v\u00e4rv k\u00f5ikidele kulmukarvadele ning modelleerige ja kujundage kulmude kuju. Kulmupliiats on tugeva pigmendiga,<\/p>\n","protected":false},"featured_media":13226,"comment_status":"closed","ping_status":"open","template":"","meta":{"_acf_changed":false},"product_brand":[187],"product_cat":[188,311],"product_tag":[],"class_list":{"0":"post-13225","1":"product","2":"type-product","3":"status-publish","4":"has-post-thumbnail","6":"product_brand-eveline-cosmetics","7":"product_cat-naohooldus","8":"product_cat-dekoratiivkosmeetika","9":"pa_kogus-1-tk","10":"pa_koostis-methyl-trimethicone-trimethylsiloxysilicate-mica-glycolipids-synthetic-wax-polyethylene-euphorbia-cerifera-wax-dextrin-isostearate-microcrystalline-wax-sorbitan-isostearate-simmondsia-chine","11":"pa_paritolumaa-poola","12":"pa_uhik-tk","14":"first","15":"instock","16":"purchasable","17":"product-type-simple"},"acf":[],"_links":{"self":[{"href":"https:\/\/ursus.ee\/en\/wp-json\/wp\/v2\/product\/13225","targetHints":{"allow":["GET"]}}],"collection":[{"href":"https:\/\/ursus.ee\/en\/wp-json\/wp\/v2\/product"}],"about":[{"href":"https:\/\/ursus.ee\/en\/wp-json\/wp\/v2\/types\/product"}],"replies":[{"embeddable":true,"href":"https:\/\/ursus.ee\/en\/wp-json\/wp\/v2\/comments?post=13225"}],"wp:featuredmedia":[{"embeddable":true,"href":"https:\/\/ursus.ee\/en\/wp-json\/wp\/v2\/media\/13226"}],"wp:attachment":[{"href":"https:\/\/ursus.ee\/en\/wp-json\/wp\/v2\/media?parent=13225"}],"wp:term":[{"taxonomy":"product_brand","embeddable":true,"href":"https:\/\/ursus.ee\/en\/wp-json\/wp\/v2\/product_brand?post=13225"},{"taxonomy":"product_cat","embeddable":true,"href":"https:\/\/ursus.ee\/en\/wp-json\/wp\/v2\/product_cat?post=13225"},{"taxonomy":"product_tag","embeddable":true,"href":"https:\/\/ursus.ee\/en\/wp-json\/wp\/v2\/product_tag?post=13225"}],"curies":[{"name":"wp","href":"https:\/\/api.w.org\/{rel}","templated":true}]}}