{"id":13217,"date":"2025-12-16T19:05:59","date_gmt":"2025-12-16T17:05:59","guid":{"rendered":"https:\/\/ursus.ee\/toode\/kulmupliiats-3in1-nr-01-helepruun\/"},"modified":"2026-03-27T16:21:35","modified_gmt":"2026-03-27T14:21:35","slug":"kulmupliiats-3in1-nr-01-helepruun","status":"publish","type":"product","link":"https:\/\/ursus.ee\/en\/toode\/kulmupliiats-3in1-nr-01-helepruun\/","title":{"rendered":"Kulmupliiats 3in1 nr.01 helepruun"},"content":{"rendered":"<p>Kaunid ja maitsekalt kujundatud kulmud on jumestuses v\u00e4ga t\u00e4htsal kohal. Lihtsasti kasutatav multifunktsionaalne kulmupliiats v\u00f5imaldab sul anda oma kulmudele kaunis tulemus vaid \u00fcht toodet kasutades, mis s\u00e4\u00e4stab sinu aega ja piirab jumestuseks vajalike toodete hulka. Pliiatsi v\u00e4rvipigmendiga kolmnurkne osa on m\u00f5eldud kuju andmiseks ja kontuuride loomiseks, pehme svammja aplikaatori abil hajutage peale kantud v\u00e4rv k\u00f5ikidele kulmukarvadele ning harja abil modelleerige ja kujundage kulmude kuju. Kulmupliiats on tugeva pigmendiga, kulumisele ja h\u00f5\u00f5rumisele vastupidav ning ei pudise. Toode on saadaval kahes v\u00e4rvitoonis.<\/p>\n","protected":false},"excerpt":{"rendered":"<p>Kaunid ja maitsekalt kujundatud kulmud on jumestuses v\u00e4ga t\u00e4htsal kohal. Lihtsasti kasutatav multifunktsionaalne kulmupliiats v\u00f5imaldab sul anda oma kulmudele kaunis tulemus vaid \u00fcht toodet kasutades, mis s\u00e4\u00e4stab sinu aega ja piirab jumestuseks vajalike toodete hulka. Pliiatsi v\u00e4rvipigmendiga kolmnurkne osa on m\u00f5eldud kuju andmiseks ja kontuuride loomiseks, pehme svammja aplikaatori abil hajutage peale kantud v\u00e4rv k\u00f5ikidele<\/p>\n","protected":false},"featured_media":13218,"comment_status":"closed","ping_status":"open","template":"","meta":{"_acf_changed":false},"product_brand":[187],"product_cat":[188,311],"product_tag":[],"class_list":{"0":"post-13217","1":"product","2":"type-product","3":"status-publish","4":"has-post-thumbnail","6":"product_brand-eveline-cosmetics","7":"product_cat-naohooldus","8":"product_cat-dekoratiivkosmeetika","9":"pa_kogus-1-tk","10":"pa_paritolumaa-poola","11":"pa_uhik-tk","13":"first","14":"instock","15":"purchasable","16":"product-type-simple"},"acf":[],"_links":{"self":[{"href":"https:\/\/ursus.ee\/en\/wp-json\/wp\/v2\/product\/13217","targetHints":{"allow":["GET"]}}],"collection":[{"href":"https:\/\/ursus.ee\/en\/wp-json\/wp\/v2\/product"}],"about":[{"href":"https:\/\/ursus.ee\/en\/wp-json\/wp\/v2\/types\/product"}],"replies":[{"embeddable":true,"href":"https:\/\/ursus.ee\/en\/wp-json\/wp\/v2\/comments?post=13217"}],"wp:featuredmedia":[{"embeddable":true,"href":"https:\/\/ursus.ee\/en\/wp-json\/wp\/v2\/media\/13218"}],"wp:attachment":[{"href":"https:\/\/ursus.ee\/en\/wp-json\/wp\/v2\/media?parent=13217"}],"wp:term":[{"taxonomy":"product_brand","embeddable":true,"href":"https:\/\/ursus.ee\/en\/wp-json\/wp\/v2\/product_brand?post=13217"},{"taxonomy":"product_cat","embeddable":true,"href":"https:\/\/ursus.ee\/en\/wp-json\/wp\/v2\/product_cat?post=13217"},{"taxonomy":"product_tag","embeddable":true,"href":"https:\/\/ursus.ee\/en\/wp-json\/wp\/v2\/product_tag?post=13217"}],"curies":[{"name":"wp","href":"https:\/\/api.w.org\/{rel}","templated":true}]}}