{"id":13214,"date":"2025-12-16T19:05:59","date_gmt":"2025-12-16T17:05:59","guid":{"rendered":"https:\/\/ursus.ee\/toode\/seerum-lashbrow-ripsmetele-ja-kulmudele-multipeptiididega\/"},"modified":"2026-03-27T16:21:37","modified_gmt":"2026-03-27T14:21:37","slug":"seerum-lashbrow-ripsmetele-ja-kulmudele-multipeptiididega","status":"publish","type":"product","link":"https:\/\/ursus.ee\/en\/toode\/seerum-lashbrow-ripsmetele-ja-kulmudele-multipeptiididega\/","title":{"rendered":"Seerum Lash&#038;Brow ripsmetele ja kulmudele multipeptiididega"},"content":{"rendered":"<p>Kontsentreeritud koostisega seerum tihendab, pikendab ja muudab ripsmete ja kulmude karvad tugevamaks. Seerum stimuleerib karvade kasvu ja v\u00e4hendab nende v\u00e4ljalangemist. Koostis sisaldab t\u00f5husat segu tugevatoimelistest taimeekstraktidest ja toimeainetest, nagu peptiidid, aminohape, vitamiinide kompleks, keratiin ja h\u00fcaluroonhape. Esimesed muutused on n\u00e4htavad juba 4 n\u00e4dala p\u00e4rast. Ripsmete ja kulmude seisundi t\u00e4ielik paranemine on n\u00e4htav p\u00e4rast 2-3 kuud regulaarset kasutamist. Toode ei \u00e4rrita silmi isegi kontaktl\u00e4\u00e4tsede kandmisel.<\/p>\n","protected":false},"excerpt":{"rendered":"<p>Kontsentreeritud koostisega seerum tihendab, pikendab ja muudab ripsmete ja kulmude karvad tugevamaks. Seerum stimuleerib karvade kasvu ja v\u00e4hendab nende v\u00e4ljalangemist. Koostis sisaldab t\u00f5husat segu tugevatoimelistest taimeekstraktidest ja toimeainetest, nagu peptiidid, aminohape, vitamiinide kompleks, keratiin ja h\u00fcaluroonhape. Esimesed muutused on n\u00e4htavad juba 4 n\u00e4dala p\u00e4rast. Ripsmete ja kulmude seisundi t\u00e4ielik paranemine on n\u00e4htav p\u00e4rast 2-3 kuud<\/p>\n","protected":false},"featured_media":13215,"comment_status":"closed","ping_status":"open","template":"","meta":{"_acf_changed":false},"product_brand":[187],"product_cat":[188,311],"product_tag":[],"class_list":{"0":"post-13214","1":"product","2":"type-product","3":"status-publish","4":"has-post-thumbnail","6":"product_brand-eveline-cosmetics","7":"product_cat-naohooldus","8":"product_cat-dekoratiivkosmeetika","9":"pa_kogus-4-ml","10":"pa_koostis-aqua-waterglycerinbutylene-glycolpropanediolpeg-12-dimethiconepeg-40-hydrogenated-castor-oilcarbomerchlorphenesinbetainepeg-6-caprylic-capric-glyceridespanthenolureahydrolyzed-keratins","11":"pa_paritolumaa-poola","12":"pa_uhik-ml","14":"first","15":"instock","16":"purchasable","17":"product-type-simple"},"acf":[],"_links":{"self":[{"href":"https:\/\/ursus.ee\/en\/wp-json\/wp\/v2\/product\/13214","targetHints":{"allow":["GET"]}}],"collection":[{"href":"https:\/\/ursus.ee\/en\/wp-json\/wp\/v2\/product"}],"about":[{"href":"https:\/\/ursus.ee\/en\/wp-json\/wp\/v2\/types\/product"}],"replies":[{"embeddable":true,"href":"https:\/\/ursus.ee\/en\/wp-json\/wp\/v2\/comments?post=13214"}],"wp:featuredmedia":[{"embeddable":true,"href":"https:\/\/ursus.ee\/en\/wp-json\/wp\/v2\/media\/13215"}],"wp:attachment":[{"href":"https:\/\/ursus.ee\/en\/wp-json\/wp\/v2\/media?parent=13214"}],"wp:term":[{"taxonomy":"product_brand","embeddable":true,"href":"https:\/\/ursus.ee\/en\/wp-json\/wp\/v2\/product_brand?post=13214"},{"taxonomy":"product_cat","embeddable":true,"href":"https:\/\/ursus.ee\/en\/wp-json\/wp\/v2\/product_cat?post=13214"},{"taxonomy":"product_tag","embeddable":true,"href":"https:\/\/ursus.ee\/en\/wp-json\/wp\/v2\/product_tag?post=13214"}],"curies":[{"name":"wp","href":"https:\/\/api.w.org\/{rel}","templated":true}]}}