{"id":13213,"date":"2025-12-16T19:05:59","date_gmt":"2025-12-16T17:05:59","guid":{"rendered":"https:\/\/ursus.ee\/toode\/ripsmeseerum-8in1\/"},"modified":"2026-03-27T16:21:37","modified_gmt":"2026-03-27T14:21:37","slug":"ripsmeseerum-8in1","status":"publish","type":"product","link":"https:\/\/ursus.ee\/en\/toode\/ripsmeseerum-8in1\/","title":{"rendered":"Ripsmeseerum 8in1"},"content":{"rendered":"<p>Eveline Cosmetics 8in1 kontsentreeritud ripsmeseerum soodustab ripsmete kasvu. Seerum sisaldab h\u00fcaluroonhapet, argaania\u00f5li ja D-pantenooli, mis aitavad kaitsta v\u00e4ljalangemise eest, toita, tugevdada ja pikendada ripsmeid. Seerum sobib kasutamiseks, kui ripsmed on n\u00f5rgad, kergesti katki minevad, tuhmid, l\u00fchikesed, h\u00f5redad, kukuvad v\u00e4lja v\u00f5i kasvavad aeglaselt.<\/p>\n","protected":false},"excerpt":{"rendered":"<p>Eveline Cosmetics 8in1 kontsentreeritud ripsmeseerum soodustab ripsmete kasvu. Seerum sisaldab h\u00fcaluroonhapet, argaania\u00f5li ja D-pantenooli, mis aitavad kaitsta v\u00e4ljalangemise eest, toita, tugevdada ja pikendada ripsmeid. Seerum sobib kasutamiseks, kui ripsmed on n\u00f5rgad, kergesti katki minevad, tuhmid, l\u00fchikesed, h\u00f5redad, kukuvad v\u00e4lja v\u00f5i kasvavad aeglaselt.<\/p>\n","protected":false},"featured_media":13718,"comment_status":"closed","ping_status":"closed","template":"","meta":{"_acf_changed":false},"product_brand":[187],"product_cat":[188,311],"product_tag":[],"class_list":{"0":"post-13213","1":"product","2":"type-product","3":"status-publish","4":"has-post-thumbnail","6":"product_brand-eveline-cosmetics","7":"product_cat-naohooldus","8":"product_cat-dekoratiivkosmeetika","9":"pa_kogus-10-ml","10":"pa_paritolumaa-poola","11":"pa_uhik-ml","13":"first","14":"instock","15":"purchasable","16":"product-type-simple"},"acf":[],"_links":{"self":[{"href":"https:\/\/ursus.ee\/en\/wp-json\/wp\/v2\/product\/13213","targetHints":{"allow":["GET"]}}],"collection":[{"href":"https:\/\/ursus.ee\/en\/wp-json\/wp\/v2\/product"}],"about":[{"href":"https:\/\/ursus.ee\/en\/wp-json\/wp\/v2\/types\/product"}],"replies":[{"embeddable":true,"href":"https:\/\/ursus.ee\/en\/wp-json\/wp\/v2\/comments?post=13213"}],"wp:featuredmedia":[{"embeddable":true,"href":"https:\/\/ursus.ee\/en\/wp-json\/wp\/v2\/media\/13718"}],"wp:attachment":[{"href":"https:\/\/ursus.ee\/en\/wp-json\/wp\/v2\/media?parent=13213"}],"wp:term":[{"taxonomy":"product_brand","embeddable":true,"href":"https:\/\/ursus.ee\/en\/wp-json\/wp\/v2\/product_brand?post=13213"},{"taxonomy":"product_cat","embeddable":true,"href":"https:\/\/ursus.ee\/en\/wp-json\/wp\/v2\/product_cat?post=13213"},{"taxonomy":"product_tag","embeddable":true,"href":"https:\/\/ursus.ee\/en\/wp-json\/wp\/v2\/product_tag?post=13213"}],"curies":[{"name":"wp","href":"https:\/\/api.w.org\/{rel}","templated":true}]}}