{"id":13208,"date":"2025-12-16T19:05:59","date_gmt":"2025-12-16T17:05:59","guid":{"rendered":"https:\/\/ursus.ee\/toode\/wonder-show-ripsmetuss-tihendav-pikendav-koolutav\/"},"modified":"2026-03-30T16:38:36","modified_gmt":"2026-03-30T13:38:36","slug":"wonder-show-ripsmetuss-tihendav-pikendav-koolutav","status":"publish","type":"product","link":"https:\/\/ursus.ee\/en\/toode\/wonder-show-ripsmetuss-tihendav-pikendav-koolutav\/","title":{"rendered":"Wonder Show ripsmetu\u0161\u0161 tihendav, pikendav, koolutav"},"content":{"rendered":"<p>S\u00fcgavmusta tooniga, t\u00e4pse silikoonharjaga hooldav ripsmetu\u0161\u0161 annab ripsmetele vol\u00fc\u00fcmi, pikendab ja tihendab ripsmeid. Ripsmetu\u0161\u0161 ei l\u00e4he peale kandmisel t\u00fckki ning p\u00fcsib pudisemata terve p\u00e4eva.<\/p>\n","protected":false},"excerpt":{"rendered":"<p>S\u00fcgavmusta tooniga, t\u00e4pse silikoonharjaga hooldav ripsmetu\u0161\u0161 annab ripsmetele vol\u00fc\u00fcmi, pikendab ja tihendab ripsmeid. Ripsmetu\u0161\u0161 ei l\u00e4he peale kandmisel t\u00fckki ning p\u00fcsib pudisemata terve p\u00e4eva.<\/p>\n","protected":false},"featured_media":13209,"comment_status":"closed","ping_status":"closed","template":"","meta":{"_acf_changed":false},"product_brand":[187],"product_cat":[188,311],"product_tag":[],"class_list":{"0":"post-13208","1":"product","2":"type-product","3":"status-publish","4":"has-post-thumbnail","6":"product_brand-eveline-cosmetics","7":"product_cat-naohooldus","8":"product_cat-dekoratiivkosmeetika","9":"pa_kogus-7-ml","10":"pa_koostis-aqua-vesi-copernicia-cerifera-cera-sunteetiline-mesilasvaha-glutseruulstearaat-steariinhape-palmitiinhape-propuleenglukool-pvp-helianthus-annuus-seemnekeraamika-aminometuulpropanoo","11":"pa_paritolumaa-poola","12":"pa_uhik-ml","14":"first","15":"instock","16":"purchasable","17":"product-type-simple"},"acf":[],"_links":{"self":[{"href":"https:\/\/ursus.ee\/en\/wp-json\/wp\/v2\/product\/13208","targetHints":{"allow":["GET"]}}],"collection":[{"href":"https:\/\/ursus.ee\/en\/wp-json\/wp\/v2\/product"}],"about":[{"href":"https:\/\/ursus.ee\/en\/wp-json\/wp\/v2\/types\/product"}],"replies":[{"embeddable":true,"href":"https:\/\/ursus.ee\/en\/wp-json\/wp\/v2\/comments?post=13208"}],"wp:featuredmedia":[{"embeddable":true,"href":"https:\/\/ursus.ee\/en\/wp-json\/wp\/v2\/media\/13209"}],"wp:attachment":[{"href":"https:\/\/ursus.ee\/en\/wp-json\/wp\/v2\/media?parent=13208"}],"wp:term":[{"taxonomy":"product_brand","embeddable":true,"href":"https:\/\/ursus.ee\/en\/wp-json\/wp\/v2\/product_brand?post=13208"},{"taxonomy":"product_cat","embeddable":true,"href":"https:\/\/ursus.ee\/en\/wp-json\/wp\/v2\/product_cat?post=13208"},{"taxonomy":"product_tag","embeddable":true,"href":"https:\/\/ursus.ee\/en\/wp-json\/wp\/v2\/product_tag?post=13208"}],"curies":[{"name":"wp","href":"https:\/\/api.w.org\/{rel}","templated":true}]}}