{"id":13200,"date":"2025-12-16T19:05:59","date_gmt":"2025-12-16T17:05:59","guid":{"rendered":"https:\/\/ursus.ee\/toode\/ripsmetuss-big-volume-real-shock\/"},"modified":"2026-03-27T16:21:37","modified_gmt":"2026-03-27T14:21:37","slug":"ripsmetuss-big-volume-real-shock","status":"publish","type":"product","link":"https:\/\/ursus.ee\/en\/toode\/ripsmetuss-big-volume-real-shock\/","title":{"rendered":"Ripsmetu\u0161\u0161 Big Volume Real Shock"},"content":{"rendered":"<p>Eveline Big Volume Real Shock ripsmetu\u0161iga t\u00f5eliselt \u0161okeeriv ripsmete tihedus!<br \/>\nAnna oma ripsmetele enneolematu vol\u00fc\u00fcm Eveline Big Mascara Volume Real Shock ripsmetu\u0161iga. See ripsmetu\u0161\u0161 muudab su ripsmed m\u00e4rgatavalt tihedamaks, andes neile \u0161okeeriva vol\u00fc\u00fcmi.<br \/>\nT\u00e4pne ja mugav hari: Patenteeritud hari eraldab ripsmed p\u00f5hjalikult, katab need \u00fchtlaselt ja ulatub isegi silmanurkadesse.<br \/>\nRipsmete vol\u00fc\u00fcmi suurendamine: Muudab ripsmed oluliselt tihedamaks.<br \/>\nM\u00f5nus koostis: H\u00e4sti pigmenteeritud koostis p\u00fcsib ripsmetel kaua, ei pudene ega kleepu.<br \/>\nEveline Big Volume Real Shock ripsmetu\u0161\u0161 \u2013 maksimaalne vol\u00fc\u00fcm sinu ripsmetele!<\/p>\n","protected":false},"excerpt":{"rendered":"<p>Eveline Big Volume Real Shock ripsmetu\u0161iga t\u00f5eliselt \u0161okeeriv ripsmete tihedus! Anna oma ripsmetele enneolematu vol\u00fc\u00fcm Eveline Big Mascara Volume Real Shock ripsmetu\u0161iga. See ripsmetu\u0161\u0161 muudab su ripsmed m\u00e4rgatavalt tihedamaks, andes neile \u0161okeeriva vol\u00fc\u00fcmi. T\u00e4pne ja mugav hari: Patenteeritud hari eraldab ripsmed p\u00f5hjalikult, katab need \u00fchtlaselt ja ulatub isegi silmanurkadesse. Ripsmete vol\u00fc\u00fcmi suurendamine: Muudab ripsmed oluliselt<\/p>\n","protected":false},"featured_media":13201,"comment_status":"closed","ping_status":"open","template":"","meta":{"_acf_changed":false},"product_brand":[187],"product_cat":[188,311],"product_tag":[],"class_list":{"0":"post-13200","1":"product","2":"type-product","3":"status-publish","4":"has-post-thumbnail","6":"product_brand-eveline-cosmetics","7":"product_cat-naohooldus","8":"product_cat-dekoratiivkosmeetika","9":"pa_kogus-10-ml","10":"pa_koostis-aqua-synthetic-beeswax-paraffin-acacia-senegal-gum-stearic-acid-triethanolamine-palmitic-acid-butylene-glycol-copernicia-cerifera-cera-glyceryl-stearate-polybutene-vp-eicosene-copolymer","11":"pa_paritolumaa-poola","12":"pa_uhik-ml","14":"first","15":"instock","16":"purchasable","17":"product-type-simple"},"acf":[],"_links":{"self":[{"href":"https:\/\/ursus.ee\/en\/wp-json\/wp\/v2\/product\/13200","targetHints":{"allow":["GET"]}}],"collection":[{"href":"https:\/\/ursus.ee\/en\/wp-json\/wp\/v2\/product"}],"about":[{"href":"https:\/\/ursus.ee\/en\/wp-json\/wp\/v2\/types\/product"}],"replies":[{"embeddable":true,"href":"https:\/\/ursus.ee\/en\/wp-json\/wp\/v2\/comments?post=13200"}],"wp:featuredmedia":[{"embeddable":true,"href":"https:\/\/ursus.ee\/en\/wp-json\/wp\/v2\/media\/13201"}],"wp:attachment":[{"href":"https:\/\/ursus.ee\/en\/wp-json\/wp\/v2\/media?parent=13200"}],"wp:term":[{"taxonomy":"product_brand","embeddable":true,"href":"https:\/\/ursus.ee\/en\/wp-json\/wp\/v2\/product_brand?post=13200"},{"taxonomy":"product_cat","embeddable":true,"href":"https:\/\/ursus.ee\/en\/wp-json\/wp\/v2\/product_cat?post=13200"},{"taxonomy":"product_tag","embeddable":true,"href":"https:\/\/ursus.ee\/en\/wp-json\/wp\/v2\/product_tag?post=13200"}],"curies":[{"name":"wp","href":"https:\/\/api.w.org\/{rel}","templated":true}]}}