{"id":13196,"date":"2025-12-16T19:05:59","date_gmt":"2025-12-16T17:05:59","guid":{"rendered":"https:\/\/ursus.ee\/toode\/ripsmetuss-sexy-eyes\/"},"modified":"2026-03-27T16:21:37","modified_gmt":"2026-03-27T14:21:37","slug":"ripsmetuss-sexy-eyes","status":"publish","type":"product","link":"https:\/\/ursus.ee\/en\/toode\/ripsmetuss-sexy-eyes\/","title":{"rendered":"Ripsmetu\u0161\u0161 Sexy Eyes"},"content":{"rendered":"<p>Hea katvusega, pikendava ja koolutava efektiga ripsmetu\u0161\u0161. Rismetu\u0161i uuendatud kujuga hari eraldab edukalt ripsmekarvakesed ning v\u00f5imaldab p\u00e4\u00e4seda ka k\u00f5ige pisemate karvadeni, et tagada vapustavalt kaunis efekt. Tulemuseks kaunilt eraldatud ripsmed ja pikk ripsmekaar. Elegantses roosa v\u00e4rvitooniga tuubis.<\/p>\n","protected":false},"excerpt":{"rendered":"<p>Hea katvusega, pikendava ja koolutava efektiga ripsmetu\u0161\u0161. Rismetu\u0161i uuendatud kujuga hari eraldab edukalt ripsmekarvakesed ning v\u00f5imaldab p\u00e4\u00e4seda ka k\u00f5ige pisemate karvadeni, et tagada vapustavalt kaunis efekt. Tulemuseks kaunilt eraldatud ripsmed ja pikk ripsmekaar. Elegantses roosa v\u00e4rvitooniga tuubis.<\/p>\n","protected":false},"featured_media":13197,"comment_status":"closed","ping_status":"open","template":"","meta":{"_acf_changed":false},"product_brand":[187],"product_cat":[188,311],"product_tag":[],"class_list":{"0":"post-13196","1":"product","2":"type-product","3":"status-publish","4":"has-post-thumbnail","6":"product_brand-eveline-cosmetics","7":"product_cat-naohooldus","8":"product_cat-dekoratiivkosmeetika","9":"pa_kogus-7-ml","10":"pa_koostis-aqua-synthetic-beeswax-paraffin-ci-77499-acacia-senegal-gum-stearic-acid-triethanolamine-palmitic-acid-butylene-glycol-copernicia-cerifera-cera-glyceryl-stearate-polybutene-vp-eicosene-co","11":"pa_paritolumaa-poola","12":"pa_uhik-ml","14":"first","15":"instock","16":"purchasable","17":"product-type-simple"},"acf":[],"_links":{"self":[{"href":"https:\/\/ursus.ee\/en\/wp-json\/wp\/v2\/product\/13196","targetHints":{"allow":["GET"]}}],"collection":[{"href":"https:\/\/ursus.ee\/en\/wp-json\/wp\/v2\/product"}],"about":[{"href":"https:\/\/ursus.ee\/en\/wp-json\/wp\/v2\/types\/product"}],"replies":[{"embeddable":true,"href":"https:\/\/ursus.ee\/en\/wp-json\/wp\/v2\/comments?post=13196"}],"wp:featuredmedia":[{"embeddable":true,"href":"https:\/\/ursus.ee\/en\/wp-json\/wp\/v2\/media\/13197"}],"wp:attachment":[{"href":"https:\/\/ursus.ee\/en\/wp-json\/wp\/v2\/media?parent=13196"}],"wp:term":[{"taxonomy":"product_brand","embeddable":true,"href":"https:\/\/ursus.ee\/en\/wp-json\/wp\/v2\/product_brand?post=13196"},{"taxonomy":"product_cat","embeddable":true,"href":"https:\/\/ursus.ee\/en\/wp-json\/wp\/v2\/product_cat?post=13196"},{"taxonomy":"product_tag","embeddable":true,"href":"https:\/\/ursus.ee\/en\/wp-json\/wp\/v2\/product_tag?post=13196"}],"curies":[{"name":"wp","href":"https:\/\/api.w.org\/{rel}","templated":true}]}}