{"id":13193,"date":"2025-12-16T19:05:59","date_gmt":"2025-12-16T17:05:59","guid":{"rendered":"https:\/\/ursus.ee\/toode\/ripsmetuss-look-up-so-black\/"},"modified":"2026-03-27T16:21:37","modified_gmt":"2026-03-27T14:21:37","slug":"ripsmetuss-look-up-so-black","status":"publish","type":"product","link":"https:\/\/ursus.ee\/en\/toode\/ripsmetuss-look-up-so-black\/","title":{"rendered":"Ripsmetu\u0161\u0161 Look Up So Black"},"content":{"rendered":"<p>Intensiivne must ripsmetu\u0161\u0161, mis eraldab ja tihendab ripsmeid. Hooldav koostis niisutab ripsmeid, andes neile erakordse vol\u00fc\u00fcmi!<\/p>\n","protected":false},"excerpt":{"rendered":"<p>Intensiivne must ripsmetu\u0161\u0161, mis eraldab ja tihendab ripsmeid. Hooldav koostis niisutab ripsmeid, andes neile erakordse vol\u00fc\u00fcmi!<\/p>\n","protected":false},"featured_media":13194,"comment_status":"closed","ping_status":"open","template":"","meta":{"_acf_changed":false},"product_brand":[187],"product_cat":[188,311],"product_tag":[],"class_list":{"0":"post-13193","1":"product","2":"type-product","3":"status-publish","4":"has-post-thumbnail","6":"product_brand-eveline-cosmetics","7":"product_cat-naohooldus","8":"product_cat-dekoratiivkosmeetika","9":"pa_kogus-10-ml","10":"pa_koostis-palmitic-acid-butylene-glycol-copernicia-cerifera-cera-glyceryl-stearate-polybutene-vp-eicosene-copolymer-oryza-sativa-bran-wax-hydrogenated-rice-bran-wax-myristic-acid-arachidic-acid-behen","11":"pa_paritolumaa-poola","12":"pa_uhik-ml","14":"first","15":"instock","16":"purchasable","17":"product-type-simple"},"acf":[],"_links":{"self":[{"href":"https:\/\/ursus.ee\/en\/wp-json\/wp\/v2\/product\/13193","targetHints":{"allow":["GET"]}}],"collection":[{"href":"https:\/\/ursus.ee\/en\/wp-json\/wp\/v2\/product"}],"about":[{"href":"https:\/\/ursus.ee\/en\/wp-json\/wp\/v2\/types\/product"}],"replies":[{"embeddable":true,"href":"https:\/\/ursus.ee\/en\/wp-json\/wp\/v2\/comments?post=13193"}],"wp:featuredmedia":[{"embeddable":true,"href":"https:\/\/ursus.ee\/en\/wp-json\/wp\/v2\/media\/13194"}],"wp:attachment":[{"href":"https:\/\/ursus.ee\/en\/wp-json\/wp\/v2\/media?parent=13193"}],"wp:term":[{"taxonomy":"product_brand","embeddable":true,"href":"https:\/\/ursus.ee\/en\/wp-json\/wp\/v2\/product_brand?post=13193"},{"taxonomy":"product_cat","embeddable":true,"href":"https:\/\/ursus.ee\/en\/wp-json\/wp\/v2\/product_cat?post=13193"},{"taxonomy":"product_tag","embeddable":true,"href":"https:\/\/ursus.ee\/en\/wp-json\/wp\/v2\/product_tag?post=13193"}],"curies":[{"name":"wp","href":"https:\/\/api.w.org\/{rel}","templated":true}]}}