{"id":13190,"date":"2025-12-16T19:04:03","date_gmt":"2025-12-16T17:04:03","guid":{"rendered":"https:\/\/ursus.ee\/toode\/variete-lashes-show-ripsmetuss-sugavmust\/"},"modified":"2026-03-27T16:21:38","modified_gmt":"2026-03-27T14:21:38","slug":"variete-lashes-show-ripsmetuss-sugavmust","status":"publish","type":"product","link":"https:\/\/ursus.ee\/en\/toode\/variete-lashes-show-ripsmetuss-sugavmust\/","title":{"rendered":"Variete Lashes Show ripsmetu\u0161\u0161 s\u00fcgavmust"},"content":{"rendered":"<p>T\u00e4nu oma s\u00fcgavmustale toonile ja ovaalse kujuga silikoonharjale katab see ripsmetu\u0161\u0161 isegi k\u00f5ige peenemad ripsmed, pakkudes silmapaistvat vol\u00fc\u00fcmi ja maksimaalset pikkust. Vari\u00e9t\u00e9 ripsmetu\u0161id on ideaalne lahendus neile, kes otsivad kohese efektiga silmapaistvat tulemust. Kauap\u00fcsiv koostis tagab, et tu\u0161\u0161 p\u00fcsib terve p\u00e4eva ilma pudisemise v\u00f5i m\u00e4\u00e4rdumiseta. Lisaks muudab elegantne ja stiilne pakend selle funktsionaalseks, kuid samas kauniks t\u00e4ienduseks sinu meigikollektsioonile. Vali Vari\u00e9t\u00e9 ripsmetu\u0161\u0161, et esile tuua oma loomulik ilu ja lummata k\u00f5iki enda \u00fcmber!<\/p>\n","protected":false},"excerpt":{"rendered":"<p>T\u00e4nu oma s\u00fcgavmustale toonile ja ovaalse kujuga silikoonharjale katab see ripsmetu\u0161\u0161 isegi k\u00f5ige peenemad ripsmed, pakkudes silmapaistvat vol\u00fc\u00fcmi ja maksimaalset pikkust. Vari\u00e9t\u00e9 ripsmetu\u0161id on ideaalne lahendus neile, kes otsivad kohese efektiga silmapaistvat tulemust. Kauap\u00fcsiv koostis tagab, et tu\u0161\u0161 p\u00fcsib terve p\u00e4eva ilma pudisemise v\u00f5i m\u00e4\u00e4rdumiseta. Lisaks muudab elegantne ja stiilne pakend selle funktsionaalseks, kuid samas<\/p>\n","protected":false},"featured_media":13191,"comment_status":"closed","ping_status":"open","template":"","meta":{"_acf_changed":false},"product_brand":[187],"product_cat":[188,311],"product_tag":[],"class_list":{"0":"post-13190","1":"product","2":"type-product","3":"status-publish","4":"has-post-thumbnail","6":"product_brand-eveline-cosmetics","7":"product_cat-naohooldus","8":"product_cat-dekoratiivkosmeetika","9":"pa_kogus-10-ml","10":"pa_koostis-aqua-water-copernicia-cerifera-cera-synthetic-beeswax-glyceryl-stearate-stearic-acid-palmitic-acid-propylene-glycol-pvp-helianthus-annuus-seed-cera-aminomethyl-propanol-phenoxyethanol-ca","11":"pa_paritolumaa-poola","12":"pa_uhik-ml","14":"first","15":"instock","16":"purchasable","17":"product-type-simple"},"acf":[],"_links":{"self":[{"href":"https:\/\/ursus.ee\/en\/wp-json\/wp\/v2\/product\/13190","targetHints":{"allow":["GET"]}}],"collection":[{"href":"https:\/\/ursus.ee\/en\/wp-json\/wp\/v2\/product"}],"about":[{"href":"https:\/\/ursus.ee\/en\/wp-json\/wp\/v2\/types\/product"}],"replies":[{"embeddable":true,"href":"https:\/\/ursus.ee\/en\/wp-json\/wp\/v2\/comments?post=13190"}],"wp:featuredmedia":[{"embeddable":true,"href":"https:\/\/ursus.ee\/en\/wp-json\/wp\/v2\/media\/13191"}],"wp:attachment":[{"href":"https:\/\/ursus.ee\/en\/wp-json\/wp\/v2\/media?parent=13190"}],"wp:term":[{"taxonomy":"product_brand","embeddable":true,"href":"https:\/\/ursus.ee\/en\/wp-json\/wp\/v2\/product_brand?post=13190"},{"taxonomy":"product_cat","embeddable":true,"href":"https:\/\/ursus.ee\/en\/wp-json\/wp\/v2\/product_cat?post=13190"},{"taxonomy":"product_tag","embeddable":true,"href":"https:\/\/ursus.ee\/en\/wp-json\/wp\/v2\/product_tag?post=13190"}],"curies":[{"name":"wp","href":"https:\/\/api.w.org\/{rel}","templated":true}]}}