{"id":13187,"date":"2025-12-16T19:04:03","date_gmt":"2025-12-16T17:04:03","guid":{"rendered":"https:\/\/ursus.ee\/toode\/variete-lashes-show-oh-pretty-mascara\/"},"modified":"2026-03-27T16:21:38","modified_gmt":"2026-03-27T14:21:38","slug":"variete-lashes-show-oh-pretty-mascara","status":"publish","type":"product","link":"https:\/\/ursus.ee\/en\/toode\/variete-lashes-show-oh-pretty-mascara\/","title":{"rendered":"Variete Lashes Show Oh Pretty Mascara"},"content":{"rendered":"<p>Ripsmetu\u0161\u0161 on loodud erakordse ja silmapaistva ripsmevol\u00fc\u00fcmi austajatele. Unikaalne koostis muudab su ripsmed hetkega pikemaks ja tihedamaks. Koonusekujuline silikoonhari annab silmatorkava vol\u00fc\u00fcmiefekti ning kreemjas koostis p\u00fcsib terve p\u00e4eva \u2013 ei pudene ega l\u00e4he t\u00fckki! Rikkalik s\u00fcgavmust v\u00e4rv lisab su silmadele maagia ja muudab need optiliselt suuremaks. Juba esimene kiht ripsmetu\u0161\u0161i tagab t\u00e4iusliku pilgu!<\/p>\n","protected":false},"excerpt":{"rendered":"<p>Ripsmetu\u0161\u0161 on loodud erakordse ja silmapaistva ripsmevol\u00fc\u00fcmi austajatele. Unikaalne koostis muudab su ripsmed hetkega pikemaks ja tihedamaks. Koonusekujuline silikoonhari annab silmatorkava vol\u00fc\u00fcmiefekti ning kreemjas koostis p\u00fcsib terve p\u00e4eva \u2013 ei pudene ega l\u00e4he t\u00fckki! Rikkalik s\u00fcgavmust v\u00e4rv lisab su silmadele maagia ja muudab need optiliselt suuremaks. Juba esimene kiht ripsmetu\u0161\u0161i tagab t\u00e4iusliku pilgu!<\/p>\n","protected":false},"featured_media":13188,"comment_status":"closed","ping_status":"open","template":"","meta":{"_acf_changed":false},"product_brand":[187],"product_cat":[188,311],"product_tag":[],"class_list":{"0":"post-13187","1":"product","2":"type-product","3":"status-publish","4":"has-post-thumbnail","6":"product_brand-eveline-cosmetics","7":"product_cat-naohooldus","8":"product_cat-dekoratiivkosmeetika","9":"pa_kogus-10-ml","10":"pa_koostis-aqua-synthetic-beeswax-paraffin-ci-77499-acacia-senegal-gum-stearic-acid-triethanolamine-palmitic-acid-butylene-glycol-copernicia-cerifera-cera-glyceryl-stearate-polybutene-vp-eicosene-c","11":"pa_paritolumaa-poola","12":"pa_uhik-ml","14":"first","15":"instock","16":"purchasable","17":"product-type-simple"},"acf":[],"_links":{"self":[{"href":"https:\/\/ursus.ee\/en\/wp-json\/wp\/v2\/product\/13187","targetHints":{"allow":["GET"]}}],"collection":[{"href":"https:\/\/ursus.ee\/en\/wp-json\/wp\/v2\/product"}],"about":[{"href":"https:\/\/ursus.ee\/en\/wp-json\/wp\/v2\/types\/product"}],"replies":[{"embeddable":true,"href":"https:\/\/ursus.ee\/en\/wp-json\/wp\/v2\/comments?post=13187"}],"wp:featuredmedia":[{"embeddable":true,"href":"https:\/\/ursus.ee\/en\/wp-json\/wp\/v2\/media\/13188"}],"wp:attachment":[{"href":"https:\/\/ursus.ee\/en\/wp-json\/wp\/v2\/media?parent=13187"}],"wp:term":[{"taxonomy":"product_brand","embeddable":true,"href":"https:\/\/ursus.ee\/en\/wp-json\/wp\/v2\/product_brand?post=13187"},{"taxonomy":"product_cat","embeddable":true,"href":"https:\/\/ursus.ee\/en\/wp-json\/wp\/v2\/product_cat?post=13187"},{"taxonomy":"product_tag","embeddable":true,"href":"https:\/\/ursus.ee\/en\/wp-json\/wp\/v2\/product_tag?post=13187"}],"curies":[{"name":"wp","href":"https:\/\/api.w.org\/{rel}","templated":true}]}}