{"id":13183,"date":"2025-12-16T19:04:03","date_gmt":"2025-12-16T17:04:03","guid":{"rendered":"https:\/\/ursus.ee\/toode\/ripsmetuss-variete-lets-twist\/"},"modified":"2026-03-27T16:21:37","modified_gmt":"2026-03-27T14:21:37","slug":"ripsmetuss-variete-lets-twist","status":"publish","type":"product","link":"https:\/\/ursus.ee\/en\/toode\/ripsmetuss-variete-lets-twist\/","title":{"rendered":"Ripsmetu\u0161\u0161 Variete Lets Twist"},"content":{"rendered":"<p>Kumer silikoonhari, millel on l\u00fchemad ja pikemad harjased, j\u00f5uab ka k\u00f5ige raskemini ligip\u00e4\u00e4setavate ripsmekarvadeni. Ripsmetu\u0161\u0161i koostis tihendab, koolutab ja eraldab teie ripsmed ideaalselt.<\/p>\n","protected":false},"excerpt":{"rendered":"<p>Kumer silikoonhari, millel on l\u00fchemad ja pikemad harjased, j\u00f5uab ka k\u00f5ige raskemini ligip\u00e4\u00e4setavate ripsmekarvadeni. Ripsmetu\u0161\u0161i koostis tihendab, koolutab ja eraldab teie ripsmed ideaalselt.<\/p>\n","protected":false},"featured_media":13184,"comment_status":"closed","ping_status":"open","template":"","meta":{"_acf_changed":false},"product_brand":[187],"product_cat":[188,311],"product_tag":[],"class_list":{"0":"post-13183","1":"product","2":"type-product","3":"status-publish","4":"has-post-thumbnail","6":"product_brand-eveline-cosmetics","7":"product_cat-naohooldus","8":"product_cat-dekoratiivkosmeetika","9":"pa_kogus-10-ml","10":"pa_koostis-aqua-synthetic-beeswax-paraffin-ci-77499-acacia-senegal-gum-stearic-acid-triethanolamine-palmitic-acid-butylene-glycol-copernicia-cerifera-cera-glyceryl-stearate-polybutene-vp-eicosene-co","11":"pa_paritolumaa-poola","12":"pa_uhik-ml","14":"first","15":"instock","16":"purchasable","17":"product-type-simple"},"acf":[],"_links":{"self":[{"href":"https:\/\/ursus.ee\/en\/wp-json\/wp\/v2\/product\/13183","targetHints":{"allow":["GET"]}}],"collection":[{"href":"https:\/\/ursus.ee\/en\/wp-json\/wp\/v2\/product"}],"about":[{"href":"https:\/\/ursus.ee\/en\/wp-json\/wp\/v2\/types\/product"}],"replies":[{"embeddable":true,"href":"https:\/\/ursus.ee\/en\/wp-json\/wp\/v2\/comments?post=13183"}],"wp:featuredmedia":[{"embeddable":true,"href":"https:\/\/ursus.ee\/en\/wp-json\/wp\/v2\/media\/13184"}],"wp:attachment":[{"href":"https:\/\/ursus.ee\/en\/wp-json\/wp\/v2\/media?parent=13183"}],"wp:term":[{"taxonomy":"product_brand","embeddable":true,"href":"https:\/\/ursus.ee\/en\/wp-json\/wp\/v2\/product_brand?post=13183"},{"taxonomy":"product_cat","embeddable":true,"href":"https:\/\/ursus.ee\/en\/wp-json\/wp\/v2\/product_cat?post=13183"},{"taxonomy":"product_tag","embeddable":true,"href":"https:\/\/ursus.ee\/en\/wp-json\/wp\/v2\/product_tag?post=13183"}],"curies":[{"name":"wp","href":"https:\/\/api.w.org\/{rel}","templated":true}]}}