{"id":13181,"date":"2025-12-16T19:04:03","date_gmt":"2025-12-16T17:04:03","guid":{"rendered":"https:\/\/ursus.ee\/toode\/ripsmetuss-variete\/"},"modified":"2026-03-27T16:21:37","modified_gmt":"2026-03-27T14:21:37","slug":"ripsmetuss-variete","status":"publish","type":"product","link":"https:\/\/ursus.ee\/en\/toode\/ripsmetuss-variete\/","title":{"rendered":"Ripsmetu\u0161\u0161 Variete"},"content":{"rendered":"<p>T\u00e4pne pealekandmine t\u00e4nu peenele harjasele, v\u00f5imaldab katta ka k\u00f5ige pisemad ripsmed. Saavutate vol\u00fc\u00fcmikad ripsmed juba peale esimest peale kandmist. Ripsmetu\u0161\u0161 p\u00fcsib terve p\u00e4eva!<\/p>\n","protected":false},"excerpt":{"rendered":"<p>T\u00e4pne pealekandmine t\u00e4nu peenele harjasele, v\u00f5imaldab katta ka k\u00f5ige pisemad ripsmed. Saavutate vol\u00fc\u00fcmikad ripsmed juba peale esimest peale kandmist. Ripsmetu\u0161\u0161 p\u00fcsib terve p\u00e4eva!<\/p>\n","protected":false},"featured_media":13182,"comment_status":"closed","ping_status":"open","template":"","meta":{"_acf_changed":false},"product_brand":[187],"product_cat":[188,311],"product_tag":[],"class_list":{"0":"post-13181","1":"product","2":"type-product","3":"status-publish","4":"has-post-thumbnail","6":"product_brand-eveline-cosmetics","7":"product_cat-naohooldus","8":"product_cat-dekoratiivkosmeetika","9":"pa_kogus-10-ml","10":"pa_koostis-aqua-synthetic-beeswax-paraffin-ci-77499-acacia-senegal-gum-stearic-acid-triethanolamine-palmitic-acid-butylene-glycol-copernicia-cerifera-cera-glyceryl-stearate-polybutene","11":"pa_paritolumaa-poola","12":"pa_uhik-ml","14":"first","15":"instock","16":"purchasable","17":"product-type-simple"},"acf":[],"_links":{"self":[{"href":"https:\/\/ursus.ee\/en\/wp-json\/wp\/v2\/product\/13181","targetHints":{"allow":["GET"]}}],"collection":[{"href":"https:\/\/ursus.ee\/en\/wp-json\/wp\/v2\/product"}],"about":[{"href":"https:\/\/ursus.ee\/en\/wp-json\/wp\/v2\/types\/product"}],"replies":[{"embeddable":true,"href":"https:\/\/ursus.ee\/en\/wp-json\/wp\/v2\/comments?post=13181"}],"wp:featuredmedia":[{"embeddable":true,"href":"https:\/\/ursus.ee\/en\/wp-json\/wp\/v2\/media\/13182"}],"wp:attachment":[{"href":"https:\/\/ursus.ee\/en\/wp-json\/wp\/v2\/media?parent=13181"}],"wp:term":[{"taxonomy":"product_brand","embeddable":true,"href":"https:\/\/ursus.ee\/en\/wp-json\/wp\/v2\/product_brand?post=13181"},{"taxonomy":"product_cat","embeddable":true,"href":"https:\/\/ursus.ee\/en\/wp-json\/wp\/v2\/product_cat?post=13181"},{"taxonomy":"product_tag","embeddable":true,"href":"https:\/\/ursus.ee\/en\/wp-json\/wp\/v2\/product_tag?post=13181"}],"curies":[{"name":"wp","href":"https:\/\/api.w.org\/{rel}","templated":true}]}}