{"id":13171,"date":"2025-12-16T19:04:03","date_gmt":"2025-12-16T17:04:03","guid":{"rendered":"https:\/\/ursus.ee\/toode\/bio-depil-mangoga-depileerimiskreem\/"},"modified":"2026-03-27T16:23:56","modified_gmt":"2026-03-27T14:23:56","slug":"bio-depil-mangoga-depileerimiskreem","status":"publish","type":"product","link":"https:\/\/ursus.ee\/en\/toode\/bio-depil-mangoga-depileerimiskreem\/","title":{"rendered":"Bio Depil mangoga depileerimiskreem"},"content":{"rendered":"<p>Depileerimiskreem Bio Depil Mango. S\u00fcgavalt niisutav depileerimiskreem kuivale ja tundlikule nahale aitab t\u00f5husalt eemaldada karvu ilma nahka \u00e4rritamata. Sisaldab mangoekstrakti, sheav\u00f5id ja Monoi-ekstrakti. Kreem aitab aeglustada karvakasvu ning j\u00e4tab naha siidjalt pehmeks. Soovitatav kasutada jalgadel, kaenlaaukudel ja bikiinipiirkonnas. Dermatoloogiliselt testitud.<\/p>\n","protected":false},"excerpt":{"rendered":"<p>Depileerimiskreem Bio Depil Mango. S\u00fcgavalt niisutav depileerimiskreem kuivale ja tundlikule nahale aitab t\u00f5husalt eemaldada karvu ilma nahka \u00e4rritamata. Sisaldab mangoekstrakti, sheav\u00f5id ja Monoi-ekstrakti. Kreem aitab aeglustada karvakasvu ning j\u00e4tab naha siidjalt pehmeks. Soovitatav kasutada jalgadel, kaenlaaukudel ja bikiinipiirkonnas. Dermatoloogiliselt testitud.<\/p>\n","protected":false},"featured_media":13172,"comment_status":"closed","ping_status":"open","template":"","meta":{"_acf_changed":false},"product_brand":[187],"product_cat":[244,262],"product_tag":[],"class_list":{"0":"post-13171","1":"product","2":"type-product","3":"status-publish","4":"has-post-thumbnail","6":"product_brand-eveline-cosmetics","7":"product_cat-kehahooldus","8":"product_cat-kehakreemid","9":"pa_kogus-125-ml","10":"pa_paritolumaa-poola","11":"pa_uhik-ml","13":"first","14":"instock","15":"purchasable","16":"product-type-simple"},"acf":[],"_links":{"self":[{"href":"https:\/\/ursus.ee\/en\/wp-json\/wp\/v2\/product\/13171","targetHints":{"allow":["GET"]}}],"collection":[{"href":"https:\/\/ursus.ee\/en\/wp-json\/wp\/v2\/product"}],"about":[{"href":"https:\/\/ursus.ee\/en\/wp-json\/wp\/v2\/types\/product"}],"replies":[{"embeddable":true,"href":"https:\/\/ursus.ee\/en\/wp-json\/wp\/v2\/comments?post=13171"}],"wp:featuredmedia":[{"embeddable":true,"href":"https:\/\/ursus.ee\/en\/wp-json\/wp\/v2\/media\/13172"}],"wp:attachment":[{"href":"https:\/\/ursus.ee\/en\/wp-json\/wp\/v2\/media?parent=13171"}],"wp:term":[{"taxonomy":"product_brand","embeddable":true,"href":"https:\/\/ursus.ee\/en\/wp-json\/wp\/v2\/product_brand?post=13171"},{"taxonomy":"product_cat","embeddable":true,"href":"https:\/\/ursus.ee\/en\/wp-json\/wp\/v2\/product_cat?post=13171"},{"taxonomy":"product_tag","embeddable":true,"href":"https:\/\/ursus.ee\/en\/wp-json\/wp\/v2\/product_tag?post=13171"}],"curies":[{"name":"wp","href":"https:\/\/api.w.org\/{rel}","templated":true}]}}