{"id":13124,"date":"2025-12-16T19:02:44","date_gmt":"2025-12-16T17:02:44","guid":{"rendered":"https:\/\/ursus.ee\/toode\/kandekott-quencher-118l-black-2\/"},"modified":"2026-03-27T16:13:05","modified_gmt":"2026-03-27T14:13:05","slug":"kandekott-quencher-118l-black-2","status":"publish","type":"product","link":"https:\/\/ursus.ee\/en\/toode\/kandekott-quencher-118l-black-2\/","title":{"rendered":"Kandekott Quencher 1,18L Black"},"content":{"rendered":"<p>Stiilne viis oma joogitermose transportimiseks &#8211; v\u00e4ga funktsionaalne Quencher 1,18-liitrine joogitermose kott Stanley&#8217;lt! See kott mitte ainult ei kaitse teie topsi, vaid lisab sellele ka elegantse ja \u0161iki puudutuse. Valmistatud 100% taaskasutatud pol\u00fcestrist. Kinnita v\u00f6\u00f6 oma Quencheri \u00fcmber ja kinnita see kahekordse trukiga. Kolm taskut muudavad \u00fche neist piisavalt mahukaks telefoni hoidmiseks, samas kui teine \u200b\u200btasku all mahutab \u00f5hukese rahakoti v\u00f5i kaarditasku, lisaks on p\u00e4ikeseprillide kott. V\u00e4iksem v\u00f5rgust tasku mahutab kompaktseid k\u00f5rvaklappe, huulepalsamit v\u00f5i v\u00e4ikeseid aksessuaarea. Sellel on isegi v\u00f5tmeklamber! 2 nupuga kinnitus turvaliseks kinnituseks telefonile (sobib telefonidele kuni iPhone 15 Pro Max). Eelised: Kvaliteetsed ja vastupidavad materjalid;  Elegantne disain &#8211; peen v\u00e4rv, mis p\u00fc\u00fcab pilku. M\u00f5\u00f5tmed &#8211; 52,80 cm lai ja 55 cm k\u00f5rge, mis tagab mugava transpordi ja sobib ideaalselt 1,18-liitrise topsi jaoks.<\/p>\n","protected":false},"excerpt":{"rendered":"<p>Stiilne viis oma joogitermose transportimiseks &#8211; v\u00e4ga funktsionaalne Quencher 1,18-liitrine joogitermose kott Stanley&#8217;lt! See kott mitte ainult ei kaitse teie topsi, vaid lisab sellele ka elegantse ja \u0161iki puudutuse. Valmistatud 100% taaskasutatud pol\u00fcestrist. Kinnita v\u00f6\u00f6 oma Quencheri \u00fcmber ja kinnita see kahekordse trukiga. Kolm taskut muudavad \u00fche neist piisavalt mahukaks telefoni hoidmiseks, samas kui teine<\/p>\n","protected":false},"featured_media":13125,"comment_status":"closed","ping_status":"open","template":"","meta":{"_acf_changed":false},"product_brand":[495],"product_cat":[405,522],"product_tag":[],"class_list":{"0":"post-13124","1":"product","2":"type-product","3":"status-publish","4":"has-post-thumbnail","6":"product_brand-stanley","7":"product_cat-koogitarbed","8":"product_cat-termosed-ja-joogipudelid","9":"pa_kogus-1-tk","10":"pa_paritolumaa-hiina","11":"pa_uhik-tk","13":"first","14":"instock","15":"purchasable","16":"product-type-simple"},"acf":[],"_links":{"self":[{"href":"https:\/\/ursus.ee\/en\/wp-json\/wp\/v2\/product\/13124","targetHints":{"allow":["GET"]}}],"collection":[{"href":"https:\/\/ursus.ee\/en\/wp-json\/wp\/v2\/product"}],"about":[{"href":"https:\/\/ursus.ee\/en\/wp-json\/wp\/v2\/types\/product"}],"replies":[{"embeddable":true,"href":"https:\/\/ursus.ee\/en\/wp-json\/wp\/v2\/comments?post=13124"}],"wp:featuredmedia":[{"embeddable":true,"href":"https:\/\/ursus.ee\/en\/wp-json\/wp\/v2\/media\/13125"}],"wp:attachment":[{"href":"https:\/\/ursus.ee\/en\/wp-json\/wp\/v2\/media?parent=13124"}],"wp:term":[{"taxonomy":"product_brand","embeddable":true,"href":"https:\/\/ursus.ee\/en\/wp-json\/wp\/v2\/product_brand?post=13124"},{"taxonomy":"product_cat","embeddable":true,"href":"https:\/\/ursus.ee\/en\/wp-json\/wp\/v2\/product_cat?post=13124"},{"taxonomy":"product_tag","embeddable":true,"href":"https:\/\/ursus.ee\/en\/wp-json\/wp\/v2\/product_tag?post=13124"}],"curies":[{"name":"wp","href":"https:\/\/api.w.org\/{rel}","templated":true}]}}