{"id":13100,"date":"2025-12-16T19:02:44","date_gmt":"2025-12-16T17:02:44","guid":{"rendered":"https:\/\/ursus.ee\/toode\/joogitermos-cup-quencher-ash-118l-2\/"},"modified":"2026-03-27T16:13:04","modified_gmt":"2026-03-27T14:13:04","slug":"joogitermos-cup-quencher-ash-118l-2","status":"publish","type":"product","link":"https:\/\/ursus.ee\/en\/toode\/joogitermos-cup-quencher-ash-118l-2\/","title":{"rendered":"Joogitermos Cup Quencher Ash 1,18L"},"content":{"rendered":"<p>Valmistatud 90% \u00fcmbert\u00f6\u00f6deldud 18\/8 roostevabast terasest ja plastikust. S\u00e4ilitab jookide temperatuuri: k\u00fclm \u2013 11 tundi, j\u00e4\u00e4kuubikutega \u2013 48 tundi, soojana &#8211; 7 tundi. Topeltseinad, vaakum isolatsioon. \u00c4\u00e4rmiselt vastupidav. Ergonoomiline sang, mis teeb kaasaskandmise mugavaks ja lihtsaks. BPA-vaba. Korduvkasutatava k\u00f5rrega. Sobitub auto topsihoidjasse. Flow State\u2122 3-funktsiooniline keeratav kork: saab juua l\u00e4bi k\u00f5rre, l\u00e4bi joogiaugu v\u00f5i keeratava korgi abil (keeratav kork takistab tilkumist, kuid ei ole lekkekindel). V\u00e4lja voolamise v\u00e4ltimiseks tuleb topsi hoida p\u00fcstises asendis. N\u00f5udepesumasinas pestav, kaas pestav k\u00e4sitsi. Mahub enamike autode topsihoidjatesse. 25-aastane garantii<\/p>\n","protected":false},"excerpt":{"rendered":"<p>Valmistatud 90% \u00fcmbert\u00f6\u00f6deldud 18\/8 roostevabast terasest ja plastikust. S\u00e4ilitab jookide temperatuuri: k\u00fclm \u2013 11 tundi, j\u00e4\u00e4kuubikutega \u2013 48 tundi, soojana &#8211; 7 tundi. Topeltseinad, vaakum isolatsioon. \u00c4\u00e4rmiselt vastupidav. Ergonoomiline sang, mis teeb kaasaskandmise mugavaks ja lihtsaks. BPA-vaba. Korduvkasutatava k\u00f5rrega. Sobitub auto topsihoidjasse. Flow State\u2122 3-funktsiooniline keeratav kork: saab juua l\u00e4bi k\u00f5rre, l\u00e4bi joogiaugu v\u00f5i keeratava<\/p>\n","protected":false},"featured_media":13101,"comment_status":"closed","ping_status":"open","template":"","meta":{"_acf_changed":false},"product_brand":[495],"product_cat":[405,522],"product_tag":[],"class_list":{"0":"post-13100","1":"product","2":"type-product","3":"status-publish","4":"has-post-thumbnail","6":"product_brand-stanley","7":"product_cat-koogitarbed","8":"product_cat-termosed-ja-joogipudelid","9":"pa_kogus-1-tk","10":"pa_materjal-90-umbertoodeldud-18-8-roostevaba-teras-ja-plastik","11":"pa_paritolumaa-hiina","12":"pa_uhik-tk","14":"first","15":"instock","16":"purchasable","17":"product-type-simple"},"acf":[],"_links":{"self":[{"href":"https:\/\/ursus.ee\/en\/wp-json\/wp\/v2\/product\/13100","targetHints":{"allow":["GET"]}}],"collection":[{"href":"https:\/\/ursus.ee\/en\/wp-json\/wp\/v2\/product"}],"about":[{"href":"https:\/\/ursus.ee\/en\/wp-json\/wp\/v2\/types\/product"}],"replies":[{"embeddable":true,"href":"https:\/\/ursus.ee\/en\/wp-json\/wp\/v2\/comments?post=13100"}],"wp:featuredmedia":[{"embeddable":true,"href":"https:\/\/ursus.ee\/en\/wp-json\/wp\/v2\/media\/13101"}],"wp:attachment":[{"href":"https:\/\/ursus.ee\/en\/wp-json\/wp\/v2\/media?parent=13100"}],"wp:term":[{"taxonomy":"product_brand","embeddable":true,"href":"https:\/\/ursus.ee\/en\/wp-json\/wp\/v2\/product_brand?post=13100"},{"taxonomy":"product_cat","embeddable":true,"href":"https:\/\/ursus.ee\/en\/wp-json\/wp\/v2\/product_cat?post=13100"},{"taxonomy":"product_tag","embeddable":true,"href":"https:\/\/ursus.ee\/en\/wp-json\/wp\/v2\/product_tag?post=13100"}],"curies":[{"name":"wp","href":"https:\/\/api.w.org\/{rel}","templated":true}]}}