{"id":13070,"date":"2025-12-16T19:00:15","date_gmt":"2025-12-16T17:00:15","guid":{"rendered":"https:\/\/ursus.ee\/toode\/olletoop-classic-07l-2\/"},"modified":"2026-03-27T16:13:06","modified_gmt":"2026-03-27T14:13:06","slug":"olletoop-classic-07l-2","status":"publish","type":"product","link":"https:\/\/ursus.ee\/en\/toode\/olletoop-classic-07l-2\/","title":{"rendered":"\u00d5lletoop Classic 0,7l"},"content":{"rendered":"<p>Stanley topeltseintega vaakumisolatsiooniga \u00f5llekann hoiab joogi v\u00e4rskendavalt jahedana alates esimesest lonksust kuni viimase lonksuni.\u00a0 Kann hoiab joogid kuumana kuni 1 tund, k\u00fclmana kuni 5 tundi ja jahutatuna ilmatu 20 tundi. Suure mahutavusega 0,7l kann on valmistatud 18\/8 roostevabast terasest, on praktiline, vastupidav ja elukestev. Kann on ideaalne kingituseks ja valmistab saajale nii saamise kui kasutamise r\u00f5\u00f5mu. Pestav n\u00f5udepesumasinas.<\/p>\n","protected":false},"excerpt":{"rendered":"<p>Stanley topeltseintega vaakumisolatsiooniga \u00f5llekann hoiab joogi v\u00e4rskendavalt jahedana alates esimesest lonksust kuni viimase lonksuni.\u00a0 Kann hoiab joogid kuumana kuni 1 tund, k\u00fclmana kuni 5 tundi ja jahutatuna ilmatu 20 tundi. Suure mahutavusega 0,7l kann on valmistatud 18\/8 roostevabast terasest, on praktiline, vastupidav ja elukestev. Kann on ideaalne kingituseks ja valmistab saajale nii saamise kui kasutamise<\/p>\n","protected":false},"featured_media":13071,"comment_status":"closed","ping_status":"open","template":"","meta":{"_acf_changed":false},"product_brand":[495],"product_cat":[405,522],"product_tag":[],"class_list":{"0":"post-13070","1":"product","2":"type-product","3":"status-publish","4":"has-post-thumbnail","6":"product_brand-stanley","7":"product_cat-koogitarbed","8":"product_cat-termosed-ja-joogipudelid","9":"pa_kogus-1-tk","10":"pa_paritolumaa-hiina","11":"pa_uhik-tk","13":"first","14":"instock","15":"purchasable","16":"product-type-simple"},"acf":[],"_links":{"self":[{"href":"https:\/\/ursus.ee\/en\/wp-json\/wp\/v2\/product\/13070","targetHints":{"allow":["GET"]}}],"collection":[{"href":"https:\/\/ursus.ee\/en\/wp-json\/wp\/v2\/product"}],"about":[{"href":"https:\/\/ursus.ee\/en\/wp-json\/wp\/v2\/types\/product"}],"replies":[{"embeddable":true,"href":"https:\/\/ursus.ee\/en\/wp-json\/wp\/v2\/comments?post=13070"}],"wp:featuredmedia":[{"embeddable":true,"href":"https:\/\/ursus.ee\/en\/wp-json\/wp\/v2\/media\/13071"}],"wp:attachment":[{"href":"https:\/\/ursus.ee\/en\/wp-json\/wp\/v2\/media?parent=13070"}],"wp:term":[{"taxonomy":"product_brand","embeddable":true,"href":"https:\/\/ursus.ee\/en\/wp-json\/wp\/v2\/product_brand?post=13070"},{"taxonomy":"product_cat","embeddable":true,"href":"https:\/\/ursus.ee\/en\/wp-json\/wp\/v2\/product_cat?post=13070"},{"taxonomy":"product_tag","embeddable":true,"href":"https:\/\/ursus.ee\/en\/wp-json\/wp\/v2\/product_tag?post=13070"}],"curies":[{"name":"wp","href":"https:\/\/api.w.org\/{rel}","templated":true}]}}