{"id":13057,"date":"2025-12-16T19:00:15","date_gmt":"2025-12-16T17:00:15","guid":{"rendered":"https:\/\/ursus.ee\/toode\/vaakumtermos-classic-19l-2\/"},"modified":"2026-03-27T16:13:06","modified_gmt":"2026-03-27T14:13:06","slug":"vaakumtermos-classic-19l-2","status":"publish","type":"product","link":"https:\/\/ursus.ee\/en\/toode\/vaakumtermos-classic-19l-2\/","title":{"rendered":"Vaakumtermos Classic 1,9L"},"content":{"rendered":"<p>Valmistatud k\u00f5rgeima kvaliteediga isolatsiooniga, mis hoiab kuumad vedelikud kuumana kuni 45h ja k\u00fclmad joogis k\u00fclmana kuni 2 p\u00e4eva. Parim kaaslane \u00f5uetegevustesse sh jahile, matkale. Vastupidav ja turvaline termos on roostevabast terasest, BPA-vaba, garanteeritult lekkekindel. N\u00f5udepesumasinakindel. Volditava sangaga, mis hoiab kokku ruumi. P\u00e4ritolumaa USA, tunnustatud kvaliteet. Eluagne garantii. Enne toote esmakordset kasutamist loputage k\u00f5ik toote osad sooja seebiveega. \u00c4rge valage sisse liiga palju kuuma jooki. J\u00e4tke t\u00e4itmata ruumi, nii et saaks korgi kinni keerata \u2013 vastasel juhul v\u00f5ite saada p\u00f5letusi. P\u00e4rast termose t\u00e4itmist veenduge, et kork on t\u00e4ielikult kinni keeratud. Termosesse ei tohi valada gaseeritud jooke, hapendatud toitu v\u00f5i jooke. \u00c4rge hoidke termoses piimatooteid ega imikutoitu. Hoidke kuuma joogiga termost laste eest. V\u00e4ike kogus vedelikku v\u00f5ib kaanele kinni kuivada \u2013 seda kogust saab eemaldada h\u00e4sti kinni keeratud termose loksutamisega.<br \/>\nSelleks et saavutada optimaalseid tulemusi on enne joogi valamist soovitatav termost soojendada v\u00f5i jahutada.<br \/>\n1. T\u00e4itke termos keeva v\u00f5i k\u00fclma veega.<br \/>\n2. Laske seista 5 minutit.<br \/>\n3. Valage vesi v\u00e4lja ja t\u00e4itke termos sobiva temperatuuriga joogiga.<\/p>\n","protected":false},"excerpt":{"rendered":"<p>Valmistatud k\u00f5rgeima kvaliteediga isolatsiooniga, mis hoiab kuumad vedelikud kuumana kuni 45h ja k\u00fclmad joogis k\u00fclmana kuni 2 p\u00e4eva. Parim kaaslane \u00f5uetegevustesse sh jahile, matkale. Vastupidav ja turvaline termos on roostevabast terasest, BPA-vaba, garanteeritult lekkekindel. N\u00f5udepesumasinakindel. Volditava sangaga, mis hoiab kokku ruumi. P\u00e4ritolumaa USA, tunnustatud kvaliteet. Eluagne garantii. Enne toote esmakordset kasutamist loputage k\u00f5ik toote osad<\/p>\n","protected":false},"featured_media":13058,"comment_status":"closed","ping_status":"open","template":"","meta":{"_acf_changed":false},"product_brand":[495],"product_cat":[405,522],"product_tag":[],"class_list":{"0":"post-13057","1":"product","2":"type-product","3":"status-publish","4":"has-post-thumbnail","6":"product_brand-stanley","7":"product_cat-koogitarbed","8":"product_cat-termosed-ja-joogipudelid","9":"pa_kogus-1-tk","10":"pa_paritolumaa-hiina","11":"pa_uhik-tk","13":"first","14":"instock","15":"purchasable","16":"product-type-simple"},"acf":[],"_links":{"self":[{"href":"https:\/\/ursus.ee\/en\/wp-json\/wp\/v2\/product\/13057","targetHints":{"allow":["GET"]}}],"collection":[{"href":"https:\/\/ursus.ee\/en\/wp-json\/wp\/v2\/product"}],"about":[{"href":"https:\/\/ursus.ee\/en\/wp-json\/wp\/v2\/types\/product"}],"replies":[{"embeddable":true,"href":"https:\/\/ursus.ee\/en\/wp-json\/wp\/v2\/comments?post=13057"}],"wp:featuredmedia":[{"embeddable":true,"href":"https:\/\/ursus.ee\/en\/wp-json\/wp\/v2\/media\/13058"}],"wp:attachment":[{"href":"https:\/\/ursus.ee\/en\/wp-json\/wp\/v2\/media?parent=13057"}],"wp:term":[{"taxonomy":"product_brand","embeddable":true,"href":"https:\/\/ursus.ee\/en\/wp-json\/wp\/v2\/product_brand?post=13057"},{"taxonomy":"product_cat","embeddable":true,"href":"https:\/\/ursus.ee\/en\/wp-json\/wp\/v2\/product_cat?post=13057"},{"taxonomy":"product_tag","embeddable":true,"href":"https:\/\/ursus.ee\/en\/wp-json\/wp\/v2\/product_tag?post=13057"}],"curies":[{"name":"wp","href":"https:\/\/api.w.org\/{rel}","templated":true}]}}