{"id":13043,"date":"2025-12-16T19:00:15","date_gmt":"2025-12-16T17:00:15","guid":{"rendered":"https:\/\/ursus.ee\/toode\/termos-the-adventure-to-go-10l-frost-2\/"},"modified":"2026-03-27T16:13:04","modified_gmt":"2026-03-27T14:13:04","slug":"termos-the-adventure-to-go-10l-frost-2","status":"publish","type":"product","link":"https:\/\/ursus.ee\/en\/toode\/termos-the-adventure-to-go-10l-frost-2\/","title":{"rendered":"Termos The Adventure To-Go 1,0L Frost"},"content":{"rendered":"<p>Adventure To-Go Bottle on disainilt kaasaegne ja v\u00e4ga vastupidav termos. Termosel on uuenduslik soojuse s\u00e4ilitamise tehnoloogia. Topeltseintega vaakumisolatsiooniga lekkekindel termos. Hoiab jooke kuumana 25 tundi v\u00f5i k\u00fclmana 27 tundi. Isoleeritud roostevabast terasest suur kaas toimib kui tass.Kaal ainult 512g. Vastupidavaim, kergeim termos matkale kaasa v\u00f5tmiseks. 18\/8 roostevabast terasest, BPA-vaba. Kergesti puhastatav. N\u00f5udepesumasinas pestav.<\/p>\n","protected":false},"excerpt":{"rendered":"<p>Adventure To-Go Bottle on disainilt kaasaegne ja v\u00e4ga vastupidav termos. Termosel on uuenduslik soojuse s\u00e4ilitamise tehnoloogia. Topeltseintega vaakumisolatsiooniga lekkekindel termos. Hoiab jooke kuumana 25 tundi v\u00f5i k\u00fclmana 27 tundi. Isoleeritud roostevabast terasest suur kaas toimib kui tass.Kaal ainult 512g. Vastupidavaim, kergeim termos matkale kaasa v\u00f5tmiseks. 18\/8 roostevabast terasest, BPA-vaba. Kergesti puhastatav. N\u00f5udepesumasinas pestav.<\/p>\n","protected":false},"featured_media":13044,"comment_status":"closed","ping_status":"open","template":"","meta":{"_acf_changed":false},"product_brand":[495],"product_cat":[405,522],"product_tag":[],"class_list":{"0":"post-13043","1":"product","2":"type-product","3":"status-publish","4":"has-post-thumbnail","6":"product_brand-stanley","7":"product_cat-koogitarbed","8":"product_cat-termosed-ja-joogipudelid","9":"pa_kogus-1-tk","10":"pa_materjal-roostevaba-teras","11":"pa_paritolumaa-hiina","12":"pa_uhik-tk","14":"first","15":"instock","16":"purchasable","17":"product-type-simple"},"acf":[],"_links":{"self":[{"href":"https:\/\/ursus.ee\/en\/wp-json\/wp\/v2\/product\/13043","targetHints":{"allow":["GET"]}}],"collection":[{"href":"https:\/\/ursus.ee\/en\/wp-json\/wp\/v2\/product"}],"about":[{"href":"https:\/\/ursus.ee\/en\/wp-json\/wp\/v2\/types\/product"}],"replies":[{"embeddable":true,"href":"https:\/\/ursus.ee\/en\/wp-json\/wp\/v2\/comments?post=13043"}],"wp:featuredmedia":[{"embeddable":true,"href":"https:\/\/ursus.ee\/en\/wp-json\/wp\/v2\/media\/13044"}],"wp:attachment":[{"href":"https:\/\/ursus.ee\/en\/wp-json\/wp\/v2\/media?parent=13043"}],"wp:term":[{"taxonomy":"product_brand","embeddable":true,"href":"https:\/\/ursus.ee\/en\/wp-json\/wp\/v2\/product_brand?post=13043"},{"taxonomy":"product_cat","embeddable":true,"href":"https:\/\/ursus.ee\/en\/wp-json\/wp\/v2\/product_cat?post=13043"},{"taxonomy":"product_tag","embeddable":true,"href":"https:\/\/ursus.ee\/en\/wp-json\/wp\/v2\/product_tag?post=13043"}],"curies":[{"name":"wp","href":"https:\/\/api.w.org\/{rel}","templated":true}]}}