{"id":13022,"date":"2025-12-16T19:00:15","date_gmt":"2025-12-16T17:00:15","guid":{"rendered":"https:\/\/ursus.ee\/toode\/vaakumtermos-470ml-2\/"},"modified":"2026-03-27T16:13:06","modified_gmt":"2026-03-27T14:13:06","slug":"vaakumtermos-470ml-2","status":"publish","type":"product","link":"https:\/\/ursus.ee\/en\/toode\/vaakumtermos-470ml-2\/","title":{"rendered":"Vaakumtermos 470ml"},"content":{"rendered":"<p>Valmistatud k\u00f5rgeima kvaliteediga isolatsiooniga, mis hoiab kuumad vedelikud kuumana ja k\u00fclmad joogid k\u00fclmana kuni 15h. Parim kaaslane \u00f5uetegevustesse sh jahile, matkale. Vastupidav ja turvaline termos on roostevabast terasest, BPA-vaba, garanteeritult lekkekindel. Deformatsioonikindel. N\u00f5udepesumasinakindel.\u00a0 P\u00e4ritolumaa USA, tunnustatud kvaliteet. Eluagne garantii.\u00a0<\/p>\n","protected":false},"excerpt":{"rendered":"<p>Valmistatud k\u00f5rgeima kvaliteediga isolatsiooniga, mis hoiab kuumad vedelikud kuumana ja k\u00fclmad joogid k\u00fclmana kuni 15h. Parim kaaslane \u00f5uetegevustesse sh jahile, matkale. Vastupidav ja turvaline termos on roostevabast terasest, BPA-vaba, garanteeritult lekkekindel. Deformatsioonikindel. N\u00f5udepesumasinakindel.\u00a0 P\u00e4ritolumaa USA, tunnustatud kvaliteet. Eluagne garantii.\u00a0<\/p>\n","protected":false},"featured_media":13023,"comment_status":"closed","ping_status":"open","template":"","meta":{"_acf_changed":false},"product_brand":[495],"product_cat":[405,522],"product_tag":[],"class_list":{"0":"post-13022","1":"product","2":"type-product","3":"status-publish","4":"has-post-thumbnail","6":"product_brand-stanley","7":"product_cat-koogitarbed","8":"product_cat-termosed-ja-joogipudelid","9":"pa_kogus-1-tk","10":"pa_paritolumaa-hiina","11":"pa_uhik-tk","13":"first","14":"instock","15":"purchasable","16":"product-type-simple"},"acf":[],"_links":{"self":[{"href":"https:\/\/ursus.ee\/en\/wp-json\/wp\/v2\/product\/13022","targetHints":{"allow":["GET"]}}],"collection":[{"href":"https:\/\/ursus.ee\/en\/wp-json\/wp\/v2\/product"}],"about":[{"href":"https:\/\/ursus.ee\/en\/wp-json\/wp\/v2\/types\/product"}],"replies":[{"embeddable":true,"href":"https:\/\/ursus.ee\/en\/wp-json\/wp\/v2\/comments?post=13022"}],"wp:featuredmedia":[{"embeddable":true,"href":"https:\/\/ursus.ee\/en\/wp-json\/wp\/v2\/media\/13023"}],"wp:attachment":[{"href":"https:\/\/ursus.ee\/en\/wp-json\/wp\/v2\/media?parent=13022"}],"wp:term":[{"taxonomy":"product_brand","embeddable":true,"href":"https:\/\/ursus.ee\/en\/wp-json\/wp\/v2\/product_brand?post=13022"},{"taxonomy":"product_cat","embeddable":true,"href":"https:\/\/ursus.ee\/en\/wp-json\/wp\/v2\/product_cat?post=13022"},{"taxonomy":"product_tag","embeddable":true,"href":"https:\/\/ursus.ee\/en\/wp-json\/wp\/v2\/product_tag?post=13022"}],"curies":[{"name":"wp","href":"https:\/\/api.w.org\/{rel}","templated":true}]}}