{"id":13001,"date":"2025-12-16T18:58:39","date_gmt":"2025-12-16T16:58:39","guid":{"rendered":"https:\/\/ursus.ee\/toode\/toidutermos-classic-400ml-hammertone-lake-2\/"},"modified":"2026-03-27T16:13:06","modified_gmt":"2026-03-27T14:13:06","slug":"toidutermos-classic-400ml-hammertone-lake-2","status":"publish","type":"product","link":"https:\/\/ursus.ee\/en\/toode\/toidutermos-classic-400ml-hammertone-lake-2\/","title":{"rendered":"Toidutermos Classic 400ml, Hammertone Lake"},"content":{"rendered":"<p>V\u00e4ikese seinavahega konstruktsioon t\u00f5stab vastupidavust. Isoleeritud kork toimib kui kauss. Lai avaus sobib ideaalselt ka supile. Lekkekindel. N\u00f5udepesumasinakindel. BPA vaba. Eluaegne garantii. Hoiab kuuma toidu kuumana 7h ja k\u00fclma toidu k\u00fclmana 7h. P\u00e4ritolumaa USA, tunnustatud kvaliteet.<\/p>\n","protected":false},"excerpt":{"rendered":"<p>V\u00e4ikese seinavahega konstruktsioon t\u00f5stab vastupidavust. Isoleeritud kork toimib kui kauss. Lai avaus sobib ideaalselt ka supile. Lekkekindel. N\u00f5udepesumasinakindel. BPA vaba. Eluaegne garantii. Hoiab kuuma toidu kuumana 7h ja k\u00fclma toidu k\u00fclmana 7h. P\u00e4ritolumaa USA, tunnustatud kvaliteet.<\/p>\n","protected":false},"featured_media":13002,"comment_status":"closed","ping_status":"open","template":"","meta":{"_acf_changed":false},"product_brand":[495],"product_cat":[405,522],"product_tag":[],"class_list":{"0":"post-13001","1":"product","2":"type-product","3":"status-publish","4":"has-post-thumbnail","6":"product_brand-stanley","7":"product_cat-koogitarbed","8":"product_cat-termosed-ja-joogipudelid","9":"pa_kogus-1-tk","10":"pa_paritolumaa-hiina","11":"pa_uhik-tk","13":"first","14":"instock","15":"purchasable","16":"product-type-simple"},"acf":[],"_links":{"self":[{"href":"https:\/\/ursus.ee\/en\/wp-json\/wp\/v2\/product\/13001","targetHints":{"allow":["GET"]}}],"collection":[{"href":"https:\/\/ursus.ee\/en\/wp-json\/wp\/v2\/product"}],"about":[{"href":"https:\/\/ursus.ee\/en\/wp-json\/wp\/v2\/types\/product"}],"replies":[{"embeddable":true,"href":"https:\/\/ursus.ee\/en\/wp-json\/wp\/v2\/comments?post=13001"}],"wp:featuredmedia":[{"embeddable":true,"href":"https:\/\/ursus.ee\/en\/wp-json\/wp\/v2\/media\/13002"}],"wp:attachment":[{"href":"https:\/\/ursus.ee\/en\/wp-json\/wp\/v2\/media?parent=13001"}],"wp:term":[{"taxonomy":"product_brand","embeddable":true,"href":"https:\/\/ursus.ee\/en\/wp-json\/wp\/v2\/product_brand?post=13001"},{"taxonomy":"product_cat","embeddable":true,"href":"https:\/\/ursus.ee\/en\/wp-json\/wp\/v2\/product_cat?post=13001"},{"taxonomy":"product_tag","embeddable":true,"href":"https:\/\/ursus.ee\/en\/wp-json\/wp\/v2\/product_tag?post=13001"}],"curies":[{"name":"wp","href":"https:\/\/api.w.org\/{rel}","templated":true}]}}