{"id":12972,"date":"2025-12-16T18:58:39","date_gmt":"2025-12-16T16:58:39","guid":{"rendered":"https:\/\/ursus.ee\/toode\/termostops-aerolight-470ml-hammertone-green-sycamore-2\/"},"modified":"2026-03-27T16:13:03","modified_gmt":"2026-03-27T14:13:03","slug":"termostops-aerolight-470ml-hammertone-green-sycamore-2","status":"publish","type":"product","link":"https:\/\/ursus.ee\/en\/toode\/termostops-aerolight-470ml-hammertone-green-sycamore-2\/","title":{"rendered":"Termostops Aerolight 470ml Hammertone Green Sycamore"},"content":{"rendered":"<p>Termostass Stanley The AeroLight\u2122 &#8211; parim s\u00f5ber reisil, matkal v\u00f5i lihtsalt t\u00f6\u00f6l. Kuni 33% kergemad kui teised STANLEY termotopsid. Aerolight on ideaalne kombinatsioon vastupidavusest ja mugavusest. Kvaliteetsed materjalid ja uuenduslikud lahendused v\u00f5imaldavad nautida kuuma v\u00f5i k\u00fclma jooki, kus iganes Sa ka poleks. Valmistatud roostevabast terasest (18\/8), BPA-vaba. Hoiab jookide temperatuuri kuni 6 tundi kuumana, 8 tundi k\u00fclmana. Topeltseinaga vaakumisolatsioon. Lekkekindel<\/p>\n","protected":false},"excerpt":{"rendered":"<p>Termostass Stanley The AeroLight\u2122 &#8211; parim s\u00f5ber reisil, matkal v\u00f5i lihtsalt t\u00f6\u00f6l. Kuni 33% kergemad kui teised STANLEY termotopsid. Aerolight on ideaalne kombinatsioon vastupidavusest ja mugavusest. Kvaliteetsed materjalid ja uuenduslikud lahendused v\u00f5imaldavad nautida kuuma v\u00f5i k\u00fclma jooki, kus iganes Sa ka poleks. Valmistatud roostevabast terasest (18\/8), BPA-vaba. Hoiab jookide temperatuuri kuni 6 tundi kuumana, 8<\/p>\n","protected":false},"featured_media":12973,"comment_status":"closed","ping_status":"open","template":"","meta":{"_acf_changed":false},"product_brand":[495],"product_cat":[405,522],"product_tag":[],"class_list":{"0":"post-12972","1":"product","2":"type-product","3":"status-publish","4":"has-post-thumbnail","6":"product_brand-stanley","7":"product_cat-koogitarbed","8":"product_cat-termosed-ja-joogipudelid","9":"pa_kogus-1-tk","10":"pa_paritolumaa-hiina","11":"pa_uhik-tk","13":"first","14":"instock","15":"purchasable","16":"product-type-simple"},"acf":[],"_links":{"self":[{"href":"https:\/\/ursus.ee\/en\/wp-json\/wp\/v2\/product\/12972","targetHints":{"allow":["GET"]}}],"collection":[{"href":"https:\/\/ursus.ee\/en\/wp-json\/wp\/v2\/product"}],"about":[{"href":"https:\/\/ursus.ee\/en\/wp-json\/wp\/v2\/types\/product"}],"replies":[{"embeddable":true,"href":"https:\/\/ursus.ee\/en\/wp-json\/wp\/v2\/comments?post=12972"}],"wp:featuredmedia":[{"embeddable":true,"href":"https:\/\/ursus.ee\/en\/wp-json\/wp\/v2\/media\/12973"}],"wp:attachment":[{"href":"https:\/\/ursus.ee\/en\/wp-json\/wp\/v2\/media?parent=12972"}],"wp:term":[{"taxonomy":"product_brand","embeddable":true,"href":"https:\/\/ursus.ee\/en\/wp-json\/wp\/v2\/product_brand?post=12972"},{"taxonomy":"product_cat","embeddable":true,"href":"https:\/\/ursus.ee\/en\/wp-json\/wp\/v2\/product_cat?post=12972"},{"taxonomy":"product_tag","embeddable":true,"href":"https:\/\/ursus.ee\/en\/wp-json\/wp\/v2\/product_tag?post=12972"}],"curies":[{"name":"wp","href":"https:\/\/api.w.org\/{rel}","templated":true}]}}