{"id":12963,"date":"2025-12-16T18:58:39","date_gmt":"2025-12-16T16:58:39","guid":{"rendered":"https:\/\/ursus.ee\/toode\/termostops-aerolight-ash-350ml-2\/"},"modified":"2026-03-27T16:13:03","modified_gmt":"2026-03-27T14:13:03","slug":"termostops-aerolight-ash-350ml-2","status":"publish","type":"product","link":"https:\/\/ursus.ee\/en\/toode\/termostops-aerolight-ash-350ml-2\/","title":{"rendered":"Termostops Aerolight Ash 350ml"},"content":{"rendered":"<p>Valmistatud taaskasutatud 18\/8 roostevabast terasest. S\u00e4ilitab jookide temperatuuri: kuum \u2013 4 tundi, k\u00fclmana- 6 tundi, j\u00e4\u00e4kuubikutega \u201320 tundi.<br \/>\nTopeltseinad, vaakum isolatsioon. \u00c4\u00e4rmiselt vastupidav. AeroLight\u2122- see on eriti kerge tehnoloogia, kus on kasutatud kedratud terast, mis teeb termose 33% kergemaks kui tavalised roostevabast terasest termostopsid. Kaal 180g.<br \/>\nLekkekindel.<br \/>\nBPA-vaba<br \/>\nN\u00f5udepesumasinas pestav<br \/>\nMahub enamike autode topsihoidjatesse<br \/>\nEluaegne garantii<\/p>\n","protected":false},"excerpt":{"rendered":"<p>Valmistatud taaskasutatud 18\/8 roostevabast terasest. S\u00e4ilitab jookide temperatuuri: kuum \u2013 4 tundi, k\u00fclmana- 6 tundi, j\u00e4\u00e4kuubikutega \u201320 tundi. Topeltseinad, vaakum isolatsioon. \u00c4\u00e4rmiselt vastupidav. AeroLight\u2122- see on eriti kerge tehnoloogia, kus on kasutatud kedratud terast, mis teeb termose 33% kergemaks kui tavalised roostevabast terasest termostopsid. Kaal 180g. Lekkekindel. BPA-vaba N\u00f5udepesumasinas pestav Mahub enamike autode topsihoidjatesse Eluaegne<\/p>\n","protected":false},"featured_media":12964,"comment_status":"closed","ping_status":"open","template":"","meta":{"_acf_changed":false},"product_brand":[495],"product_cat":[405,522],"product_tag":[],"class_list":{"0":"post-12963","1":"product","2":"type-product","3":"status-publish","4":"has-post-thumbnail","6":"product_brand-stanley","7":"product_cat-koogitarbed","8":"product_cat-termosed-ja-joogipudelid","9":"pa_kogus-1-tk","10":"pa_paritolumaa-hiina","11":"pa_uhik-tk","13":"first","14":"instock","15":"purchasable","16":"product-type-simple"},"acf":[],"_links":{"self":[{"href":"https:\/\/ursus.ee\/en\/wp-json\/wp\/v2\/product\/12963","targetHints":{"allow":["GET"]}}],"collection":[{"href":"https:\/\/ursus.ee\/en\/wp-json\/wp\/v2\/product"}],"about":[{"href":"https:\/\/ursus.ee\/en\/wp-json\/wp\/v2\/types\/product"}],"replies":[{"embeddable":true,"href":"https:\/\/ursus.ee\/en\/wp-json\/wp\/v2\/comments?post=12963"}],"wp:featuredmedia":[{"embeddable":true,"href":"https:\/\/ursus.ee\/en\/wp-json\/wp\/v2\/media\/12964"}],"wp:attachment":[{"href":"https:\/\/ursus.ee\/en\/wp-json\/wp\/v2\/media?parent=12963"}],"wp:term":[{"taxonomy":"product_brand","embeddable":true,"href":"https:\/\/ursus.ee\/en\/wp-json\/wp\/v2\/product_brand?post=12963"},{"taxonomy":"product_cat","embeddable":true,"href":"https:\/\/ursus.ee\/en\/wp-json\/wp\/v2\/product_cat?post=12963"},{"taxonomy":"product_tag","embeddable":true,"href":"https:\/\/ursus.ee\/en\/wp-json\/wp\/v2\/product_tag?post=12963"}],"curies":[{"name":"wp","href":"https:\/\/api.w.org\/{rel}","templated":true}]}}