{"id":12938,"date":"2025-12-16T18:56:24","date_gmt":"2025-12-16T16:56:24","guid":{"rendered":"https:\/\/ursus.ee\/toode\/plasku-230ml-3\/"},"modified":"2026-03-27T16:13:06","modified_gmt":"2026-03-27T14:13:06","slug":"plasku-230ml-3","status":"publish","type":"product","link":"https:\/\/ursus.ee\/en\/toode\/plasku-230ml-3\/","title":{"rendered":"Pl\u00e4sku 230ml"},"content":{"rendered":"<p>K\u00f5rgekvaliteedilistest materjalidest valmistatud kauni disainiga pl\u00e4sku. Sobib kasutamiseks igasuguste kangete alkohoolsete jookidega. P\u00f5rutuse- ja l\u00f6\u00f6gikindel korpus. Valmistatud k\u00f5rgekvaliteedilisest roostevabast terasest, kerge, lekkekindel, vastupidav BPA-vaba. Taskus\u00f5bralik, integeeritud kork. Maht 230ml. P\u00e4ritolumaa USA. Garantii 25 aastat.<\/p>\n","protected":false},"excerpt":{"rendered":"<p>K\u00f5rgekvaliteedilistest materjalidest valmistatud kauni disainiga pl\u00e4sku. Sobib kasutamiseks igasuguste kangete alkohoolsete jookidega. P\u00f5rutuse- ja l\u00f6\u00f6gikindel korpus. Valmistatud k\u00f5rgekvaliteedilisest roostevabast terasest, kerge, lekkekindel, vastupidav BPA-vaba. Taskus\u00f5bralik, integeeritud kork. Maht 230ml. P\u00e4ritolumaa USA. Garantii 25 aastat.<\/p>\n","protected":false},"featured_media":12939,"comment_status":"closed","ping_status":"open","template":"","meta":{"_acf_changed":false},"product_brand":[495],"product_cat":[405,522],"product_tag":[],"class_list":{"0":"post-12938","1":"product","2":"type-product","3":"status-publish","4":"has-post-thumbnail","6":"product_brand-stanley","7":"product_cat-koogitarbed","8":"product_cat-termosed-ja-joogipudelid","9":"pa_kogus-1-tk","10":"pa_paritolumaa-hiina","11":"pa_uhik-tk","13":"first","14":"instock","15":"purchasable","16":"product-type-simple"},"acf":[],"_links":{"self":[{"href":"https:\/\/ursus.ee\/en\/wp-json\/wp\/v2\/product\/12938","targetHints":{"allow":["GET"]}}],"collection":[{"href":"https:\/\/ursus.ee\/en\/wp-json\/wp\/v2\/product"}],"about":[{"href":"https:\/\/ursus.ee\/en\/wp-json\/wp\/v2\/types\/product"}],"replies":[{"embeddable":true,"href":"https:\/\/ursus.ee\/en\/wp-json\/wp\/v2\/comments?post=12938"}],"wp:featuredmedia":[{"embeddable":true,"href":"https:\/\/ursus.ee\/en\/wp-json\/wp\/v2\/media\/12939"}],"wp:attachment":[{"href":"https:\/\/ursus.ee\/en\/wp-json\/wp\/v2\/media?parent=12938"}],"wp:term":[{"taxonomy":"product_brand","embeddable":true,"href":"https:\/\/ursus.ee\/en\/wp-json\/wp\/v2\/product_brand?post=12938"},{"taxonomy":"product_cat","embeddable":true,"href":"https:\/\/ursus.ee\/en\/wp-json\/wp\/v2\/product_cat?post=12938"},{"taxonomy":"product_tag","embeddable":true,"href":"https:\/\/ursus.ee\/en\/wp-json\/wp\/v2\/product_tag?post=12938"}],"curies":[{"name":"wp","href":"https:\/\/api.w.org\/{rel}","templated":true}]}}