{"id":12918,"date":"2025-12-16T18:56:24","date_gmt":"2025-12-16T16:56:24","guid":{"rendered":"https:\/\/ursus.ee\/toode\/matkatass-023l-cream-gloss-2\/"},"modified":"2026-03-27T16:13:05","modified_gmt":"2026-03-27T14:13:05","slug":"matkatass-023l-cream-gloss-2","status":"publish","type":"product","link":"https:\/\/ursus.ee\/en\/toode\/matkatass-023l-cream-gloss-2\/","title":{"rendered":"Matkatass 0,23L Cream Gloss"},"content":{"rendered":"<p>Tass sobib suurep\u00e4raselt piknikule looduses, telkimiseks v\u00f5i lihtsalt joogi temperatuuri pikemaks s\u00e4ilitamiseks. Roostevabast terasest (18\/8), BPA-vaba. M\u00f5\u00f5dud: \u00d8 7,9 x 10,8 cm. Maht: 230 ml. Kahekordsed seinad ja vaakumisolatsioon. Tritan\u2122 tehnoloogiaga kaas, pritsmekaitse<br \/>\nHoiab jookide temperatuuri: kuum &#8211; 1,5 h, k\u00fclm &#8211; 3 h, j\u00e4\u00e4kuubikud &#8211; 10 h.<br \/>\nKergesti puhastatav. N\u00f5udepesumasinas pestav<\/p>\n","protected":false},"excerpt":{"rendered":"<p>Tass sobib suurep\u00e4raselt piknikule looduses, telkimiseks v\u00f5i lihtsalt joogi temperatuuri pikemaks s\u00e4ilitamiseks. Roostevabast terasest (18\/8), BPA-vaba. M\u00f5\u00f5dud: \u00d8 7,9 x 10,8 cm. Maht: 230 ml. Kahekordsed seinad ja vaakumisolatsioon. Tritan\u2122 tehnoloogiaga kaas, pritsmekaitse Hoiab jookide temperatuuri: kuum &#8211; 1,5 h, k\u00fclm &#8211; 3 h, j\u00e4\u00e4kuubikud &#8211; 10 h. Kergesti puhastatav. N\u00f5udepesumasinas pestav<\/p>\n","protected":false},"featured_media":12919,"comment_status":"closed","ping_status":"open","template":"","meta":{"_acf_changed":false},"product_brand":[495],"product_cat":[405,522],"product_tag":[],"class_list":{"0":"post-12918","1":"product","2":"type-product","3":"status-publish","4":"has-post-thumbnail","6":"product_brand-stanley","7":"product_cat-koogitarbed","8":"product_cat-termosed-ja-joogipudelid","9":"pa_kogus-1-tk","10":"pa_materjal-roostevabast-terasest-18-8","11":"pa_paritolumaa-hiina","12":"pa_uhik-tk","14":"first","15":"instock","16":"purchasable","17":"product-type-simple"},"acf":[],"_links":{"self":[{"href":"https:\/\/ursus.ee\/en\/wp-json\/wp\/v2\/product\/12918","targetHints":{"allow":["GET"]}}],"collection":[{"href":"https:\/\/ursus.ee\/en\/wp-json\/wp\/v2\/product"}],"about":[{"href":"https:\/\/ursus.ee\/en\/wp-json\/wp\/v2\/types\/product"}],"replies":[{"embeddable":true,"href":"https:\/\/ursus.ee\/en\/wp-json\/wp\/v2\/comments?post=12918"}],"wp:featuredmedia":[{"embeddable":true,"href":"https:\/\/ursus.ee\/en\/wp-json\/wp\/v2\/media\/12919"}],"wp:attachment":[{"href":"https:\/\/ursus.ee\/en\/wp-json\/wp\/v2\/media?parent=12918"}],"wp:term":[{"taxonomy":"product_brand","embeddable":true,"href":"https:\/\/ursus.ee\/en\/wp-json\/wp\/v2\/product_brand?post=12918"},{"taxonomy":"product_cat","embeddable":true,"href":"https:\/\/ursus.ee\/en\/wp-json\/wp\/v2\/product_cat?post=12918"},{"taxonomy":"product_tag","embeddable":true,"href":"https:\/\/ursus.ee\/en\/wp-json\/wp\/v2\/product_tag?post=12918"}],"curies":[{"name":"wp","href":"https:\/\/api.w.org\/{rel}","templated":true}]}}