{"id":12883,"date":"2025-12-16T18:56:24","date_gmt":"2025-12-16T16:56:24","guid":{"rendered":"https:\/\/ursus.ee\/toode\/joogipudel-iceflow-flip-straw-089l-tigerlily-2\/"},"modified":"2026-03-27T16:13:04","modified_gmt":"2026-03-27T14:13:04","slug":"joogipudel-iceflow-flip-straw-089l-tigerlily-2","status":"publish","type":"product","link":"https:\/\/ursus.ee\/en\/toode\/joogipudel-iceflow-flip-straw-089l-tigerlily-2\/","title":{"rendered":"Joogipudel IceFlow Flip Straw 0,89L Tigerlily"},"content":{"rendered":"<p>Valmistatud roostevabast terasest 18\/8 ja taaskasutatud plastist, BPA-vaba. Topeltseinad, vaakumisolatsioon. \u00c4\u00e4rmiselt vastupidav S\u00e4ilitab jookide temperatuuri: k\u00fclm \u2013 12 tundi, j\u00e4\u00e4kuubikutega \u2013 48 tundi. Kokkupandava klapitava k\u00f5rrega \u2013 mugav juua k\u00f5ndides v\u00f5i autoga s\u00f5ites. Kui k\u00f5rs on kokku klapitud, sulgub joogitops t\u00e4ielikult ja jook ei leki, nii et seda saab kanda seljakotis, kotis jne. Tugeva ja vastupidava sangaga, mist\u00f5ttu on topsi on mugav k\u00e4es hoida v\u00f5i kaasas kanda. Sobib standardse auto topsihoidja, ratta v\u00f5i jooksulindi joogihoidjaga. Tootes kasutatakse taaskasutatud plasti, mis p\u00e4rineb kasutuselt k\u00f5rvaldatud kalav\u00f5rkudest, mis v\u00e4hendab plastj\u00e4\u00e4tmete hulka ookeanides. L\u00f6\u00f6gi- ja deformatsioonikindel. Lihtne puhastada. V\u00f5ib pesta n\u00f5udepesumasinas. Tootel on 25-aastane garantii<\/p>\n","protected":false},"excerpt":{"rendered":"<p>Valmistatud roostevabast terasest 18\/8 ja taaskasutatud plastist, BPA-vaba. Topeltseinad, vaakumisolatsioon. \u00c4\u00e4rmiselt vastupidav S\u00e4ilitab jookide temperatuuri: k\u00fclm \u2013 12 tundi, j\u00e4\u00e4kuubikutega \u2013 48 tundi. Kokkupandava klapitava k\u00f5rrega \u2013 mugav juua k\u00f5ndides v\u00f5i autoga s\u00f5ites. Kui k\u00f5rs on kokku klapitud, sulgub joogitops t\u00e4ielikult ja jook ei leki, nii et seda saab kanda seljakotis, kotis jne. Tugeva ja<\/p>\n","protected":false},"featured_media":12886,"comment_status":"closed","ping_status":"closed","template":"","meta":{"_acf_changed":false},"product_brand":[495],"product_cat":[405,522],"product_tag":[],"class_list":{"0":"post-12883","1":"product","2":"type-product","3":"status-publish","4":"has-post-thumbnail","6":"product_brand-stanley","7":"product_cat-koogitarbed","8":"product_cat-termosed-ja-joogipudelid","9":"pa_kogus-1-tk","10":"pa_paritolumaa-hiina","11":"pa_uhik-tk","13":"first","14":"instock","15":"purchasable","16":"product-type-simple"},"acf":[],"_links":{"self":[{"href":"https:\/\/ursus.ee\/en\/wp-json\/wp\/v2\/product\/12883","targetHints":{"allow":["GET"]}}],"collection":[{"href":"https:\/\/ursus.ee\/en\/wp-json\/wp\/v2\/product"}],"about":[{"href":"https:\/\/ursus.ee\/en\/wp-json\/wp\/v2\/types\/product"}],"replies":[{"embeddable":true,"href":"https:\/\/ursus.ee\/en\/wp-json\/wp\/v2\/comments?post=12883"}],"wp:featuredmedia":[{"embeddable":true,"href":"https:\/\/ursus.ee\/en\/wp-json\/wp\/v2\/media\/12886"}],"wp:attachment":[{"href":"https:\/\/ursus.ee\/en\/wp-json\/wp\/v2\/media?parent=12883"}],"wp:term":[{"taxonomy":"product_brand","embeddable":true,"href":"https:\/\/ursus.ee\/en\/wp-json\/wp\/v2\/product_brand?post=12883"},{"taxonomy":"product_cat","embeddable":true,"href":"https:\/\/ursus.ee\/en\/wp-json\/wp\/v2\/product_cat?post=12883"},{"taxonomy":"product_tag","embeddable":true,"href":"https:\/\/ursus.ee\/en\/wp-json\/wp\/v2\/product_tag?post=12883"}],"curies":[{"name":"wp","href":"https:\/\/api.w.org\/{rel}","templated":true}]}}