{"id":12873,"date":"2025-12-16T18:53:43","date_gmt":"2025-12-16T16:53:43","guid":{"rendered":"https:\/\/ursus.ee\/toode\/vaakumpakendaja-vacu-power-100-2\/"},"modified":"2026-03-27T16:14:38","modified_gmt":"2026-03-27T14:14:38","slug":"vaakumpakendaja-vacu-power-100-2","status":"publish","type":"product","link":"https:\/\/ursus.ee\/en\/toode\/vaakumpakendaja-vacu-power-100-2\/","title":{"rendered":"Vaakumpakendaja Vacu Power 100"},"content":{"rendered":"<p>T\u00e4isautomaatne elektriline vaakumpakendaja Leifheit Vacu Power 100 sobib marjade, puuviljade, liha, kala, juurviljade ja paljude muude toiduainete pakendamiseks ja paremaks s\u00e4ilitamiseks. Efektiivse vaakumpumba j\u00f5udlus kuni 4 liitrit minutis. Vaakumpakendamine tagab toiduainetele pikema s\u00e4ilivusaja ilma s\u00e4ilitusaineid kasutamata. Seadmel on sensoriga puutetundlikud nupud, mis muudavad selle kasutamise lihtsaks. &#8220;Pulse&#8221; funktsioon v\u00f5imaldab seadmel reguleerida vaakumi tugevust, seet\u00f5ttu on see sobilik ka \u00f5rnema tekstuuriga toiduainete vaakumpakendamiseks. Vacu Power 100 vaakumpakendamise seadmega on v\u00f5imalik tekitada vaakumkeskkonda ka toidukarpidesse, lisaseadmeid on v\u00f5imalik soetada kaubandusest. Turvaliseks ja ohutuks kasutamiseks on seadmel elektrooniline temperatuurikontrolli funktsioon, mis takistab pakendite plastikute sulamist v\u00f5i k\u00f5rvetamist. Vaakumpakendaja on kompaktne ning seet\u00f5ttu lihtne hoiustada. Komplekti kuulub vaakumpakendamise seade ja 10 plastikkotti suuruses 20x30cm. Seadmele sobivad k\u00f5ikide kaubam\u00e4rkide vaakumkotid laiusega kuni 30cm.<\/p>\n","protected":false},"excerpt":{"rendered":"<p>T\u00e4isautomaatne elektriline vaakumpakendaja Leifheit Vacu Power 100 sobib marjade, puuviljade, liha, kala, juurviljade ja paljude muude toiduainete pakendamiseks ja paremaks s\u00e4ilitamiseks. Efektiivse vaakumpumba j\u00f5udlus kuni 4 liitrit minutis. Vaakumpakendamine tagab toiduainetele pikema s\u00e4ilivusaja ilma s\u00e4ilitusaineid kasutamata. Seadmel on sensoriga puutetundlikud nupud, mis muudavad selle kasutamise lihtsaks. &#8220;Pulse&#8221; funktsioon v\u00f5imaldab seadmel reguleerida vaakumi tugevust, seet\u00f5ttu on<\/p>\n","protected":false},"featured_media":12874,"comment_status":"closed","ping_status":"open","template":"","meta":{"_acf_changed":false},"product_brand":[472],"product_cat":[405,490],"product_tag":[],"class_list":{"0":"post-12873","1":"product","2":"type-product","3":"status-publish","4":"has-post-thumbnail","6":"product_brand-leifheit","7":"product_cat-koogitarbed","8":"product_cat-koogitarvikud","9":"pa_kogus-1-tk","10":"pa_paritolumaa-saksamaa","11":"pa_uhik-tk","13":"first","14":"instock","15":"purchasable","16":"product-type-simple"},"acf":[],"_links":{"self":[{"href":"https:\/\/ursus.ee\/en\/wp-json\/wp\/v2\/product\/12873","targetHints":{"allow":["GET"]}}],"collection":[{"href":"https:\/\/ursus.ee\/en\/wp-json\/wp\/v2\/product"}],"about":[{"href":"https:\/\/ursus.ee\/en\/wp-json\/wp\/v2\/types\/product"}],"replies":[{"embeddable":true,"href":"https:\/\/ursus.ee\/en\/wp-json\/wp\/v2\/comments?post=12873"}],"wp:featuredmedia":[{"embeddable":true,"href":"https:\/\/ursus.ee\/en\/wp-json\/wp\/v2\/media\/12874"}],"wp:attachment":[{"href":"https:\/\/ursus.ee\/en\/wp-json\/wp\/v2\/media?parent=12873"}],"wp:term":[{"taxonomy":"product_brand","embeddable":true,"href":"https:\/\/ursus.ee\/en\/wp-json\/wp\/v2\/product_brand?post=12873"},{"taxonomy":"product_cat","embeddable":true,"href":"https:\/\/ursus.ee\/en\/wp-json\/wp\/v2\/product_cat?post=12873"},{"taxonomy":"product_tag","embeddable":true,"href":"https:\/\/ursus.ee\/en\/wp-json\/wp\/v2\/product_tag?post=12873"}],"curies":[{"name":"wp","href":"https:\/\/api.w.org\/{rel}","templated":true}]}}