{"id":12865,"date":"2025-12-16T18:53:43","date_gmt":"2025-12-16T16:53:43","guid":{"rendered":"https:\/\/ursus.ee\/toode\/vaakumkotid-20x30cm-2\/"},"modified":"2026-03-27T16:14:38","modified_gmt":"2026-03-27T14:14:38","slug":"vaakumkotid-20x30cm-2","status":"publish","type":"product","link":"https:\/\/ursus.ee\/en\/toode\/vaakumkotid-20x30cm-2\/","title":{"rendered":"Vaakumkotid 20x30cm"},"content":{"rendered":"<p>Spetsiaalsed plastikkotid marjade, puuviljade, liha, kala juurviljade ja paljude muude toiduainete \u00f5hukindlaks vaakumpakendamiseks ja paremaks s\u00e4ilitamiseks. Vaakumpakendamine tagab toiduainetele pikema s\u00e4ilivusaja ilma s\u00e4ilitusaineid kasutamata. Pakend on \u00f5hu- ja lekkekindel. Leifheit vaakumkotid on kergelt struktuurse pinnaga, mis on ideaalne vaakumpakendamiseks. Materjal vastupidav, kriimukindel ja tugeva kinnitusega. Vaakumkotid sobivad kasutamiseks s\u00fcgavk\u00fclmas kuni -20 \u00b0C juures ning soojendamiseks kuni + 95 \u00b0C. Sobilikud kasutamiseks ka mikrolaineahjus. Leifheit vaakumkotid on sobilikud kasutamiseks ka teistes vaakumseadmetes. Pakendis 50 plastikkotti ja 56 etiketti toidu m\u00e4rgistamiseks. Koti m\u00f5\u00f5dud 20x30cm. BPA ja muude kemikaalidevaba koostis, 100% turvaline toiduainetega kokkupuuteks.<\/p>\n","protected":false},"excerpt":{"rendered":"<p>Spetsiaalsed plastikkotid marjade, puuviljade, liha, kala juurviljade ja paljude muude toiduainete \u00f5hukindlaks vaakumpakendamiseks ja paremaks s\u00e4ilitamiseks. Vaakumpakendamine tagab toiduainetele pikema s\u00e4ilivusaja ilma s\u00e4ilitusaineid kasutamata. Pakend on \u00f5hu- ja lekkekindel. Leifheit vaakumkotid on kergelt struktuurse pinnaga, mis on ideaalne vaakumpakendamiseks. Materjal vastupidav, kriimukindel ja tugeva kinnitusega. Vaakumkotid sobivad kasutamiseks s\u00fcgavk\u00fclmas kuni -20 \u00b0C juures ning soojendamiseks<\/p>\n","protected":false},"featured_media":12866,"comment_status":"closed","ping_status":"open","template":"","meta":{"_acf_changed":false},"product_brand":[472],"product_cat":[405,490],"product_tag":[],"class_list":{"0":"post-12865","1":"product","2":"type-product","3":"status-publish","4":"has-post-thumbnail","6":"product_brand-leifheit","7":"product_cat-koogitarbed","8":"product_cat-koogitarvikud","9":"pa_kogus-50-tk","10":"pa_paritolumaa-saksamaa","11":"pa_uhik-tk","13":"first","14":"instock","15":"purchasable","16":"product-type-simple"},"acf":[],"_links":{"self":[{"href":"https:\/\/ursus.ee\/en\/wp-json\/wp\/v2\/product\/12865","targetHints":{"allow":["GET"]}}],"collection":[{"href":"https:\/\/ursus.ee\/en\/wp-json\/wp\/v2\/product"}],"about":[{"href":"https:\/\/ursus.ee\/en\/wp-json\/wp\/v2\/types\/product"}],"replies":[{"embeddable":true,"href":"https:\/\/ursus.ee\/en\/wp-json\/wp\/v2\/comments?post=12865"}],"wp:featuredmedia":[{"embeddable":true,"href":"https:\/\/ursus.ee\/en\/wp-json\/wp\/v2\/media\/12866"}],"wp:attachment":[{"href":"https:\/\/ursus.ee\/en\/wp-json\/wp\/v2\/media?parent=12865"}],"wp:term":[{"taxonomy":"product_brand","embeddable":true,"href":"https:\/\/ursus.ee\/en\/wp-json\/wp\/v2\/product_brand?post=12865"},{"taxonomy":"product_cat","embeddable":true,"href":"https:\/\/ursus.ee\/en\/wp-json\/wp\/v2\/product_cat?post=12865"},{"taxonomy":"product_tag","embeddable":true,"href":"https:\/\/ursus.ee\/en\/wp-json\/wp\/v2\/product_tag?post=12865"}],"curies":[{"name":"wp","href":"https:\/\/api.w.org\/{rel}","templated":true}]}}