{"id":12850,"date":"2025-12-16T18:53:43","date_gmt":"2025-12-16T16:53:43","guid":{"rendered":"https:\/\/ursus.ee\/toode\/termoskruus-flip-350ml-4\/"},"modified":"2026-03-27T16:13:06","modified_gmt":"2026-03-27T14:13:06","slug":"termoskruus-flip-350ml-4","status":"publish","type":"product","link":"https:\/\/ursus.ee\/en\/toode\/termoskruus-flip-350ml-4\/","title":{"rendered":"Termoskruus Flip 350ml"},"content":{"rendered":"<p>Kahekordse seinaga isoleeritud roostevabast terasest kvaliteetne termostops. Hoiab kuumad joogid kuumana kuni 6h ja k\u00fclmad joogid k\u00fclmana kuni 18h. T\u00e4nu oma kompaktsusele sobib ideaalselt kohvimasina alla. \u00dche k\u00e4ega opereeritav. Lekkekindel! Mugav k\u00e4epide kaasaskandmiseks. Eemaldatava s\u00f5elaga, mis on eriti hea k\u00fclmadejookide tarbeks. BPA vaba.<\/p>\n","protected":false},"excerpt":{"rendered":"<p>Kahekordse seinaga isoleeritud roostevabast terasest kvaliteetne termostops. Hoiab kuumad joogid kuumana kuni 6h ja k\u00fclmad joogid k\u00fclmana kuni 18h. T\u00e4nu oma kompaktsusele sobib ideaalselt kohvimasina alla. \u00dche k\u00e4ega opereeritav. Lekkekindel! Mugav k\u00e4epide kaasaskandmiseks. Eemaldatava s\u00f5elaga, mis on eriti hea k\u00fclmadejookide tarbeks. BPA vaba.<\/p>\n","protected":false},"featured_media":12851,"comment_status":"closed","ping_status":"open","template":"","meta":{"_acf_changed":false},"product_brand":[472],"product_cat":[405,522],"product_tag":[],"class_list":{"0":"post-12850","1":"product","2":"type-product","3":"status-publish","4":"has-post-thumbnail","6":"product_brand-leifheit","7":"product_cat-koogitarbed","8":"product_cat-termosed-ja-joogipudelid","9":"pa_kogus-1-tk","10":"pa_paritolumaa-saksamaa","11":"pa_uhik-tk","13":"first","14":"instock","15":"purchasable","16":"product-type-simple"},"acf":[],"_links":{"self":[{"href":"https:\/\/ursus.ee\/en\/wp-json\/wp\/v2\/product\/12850","targetHints":{"allow":["GET"]}}],"collection":[{"href":"https:\/\/ursus.ee\/en\/wp-json\/wp\/v2\/product"}],"about":[{"href":"https:\/\/ursus.ee\/en\/wp-json\/wp\/v2\/types\/product"}],"replies":[{"embeddable":true,"href":"https:\/\/ursus.ee\/en\/wp-json\/wp\/v2\/comments?post=12850"}],"wp:featuredmedia":[{"embeddable":true,"href":"https:\/\/ursus.ee\/en\/wp-json\/wp\/v2\/media\/12851"}],"wp:attachment":[{"href":"https:\/\/ursus.ee\/en\/wp-json\/wp\/v2\/media?parent=12850"}],"wp:term":[{"taxonomy":"product_brand","embeddable":true,"href":"https:\/\/ursus.ee\/en\/wp-json\/wp\/v2\/product_brand?post=12850"},{"taxonomy":"product_cat","embeddable":true,"href":"https:\/\/ursus.ee\/en\/wp-json\/wp\/v2\/product_cat?post=12850"},{"taxonomy":"product_tag","embeddable":true,"href":"https:\/\/ursus.ee\/en\/wp-json\/wp\/v2\/product_tag?post=12850"}],"curies":[{"name":"wp","href":"https:\/\/api.w.org\/{rel}","templated":true}]}}