{"id":12846,"date":"2025-12-16T18:53:43","date_gmt":"2025-12-16T16:53:43","guid":{"rendered":"https:\/\/ursus.ee\/toode\/termos-harmonic-1l-3\/"},"modified":"2026-03-27T16:13:06","modified_gmt":"2026-03-27T14:13:06","slug":"termos-harmonic-1l-3","status":"publish","type":"product","link":"https:\/\/ursus.ee\/en\/toode\/termos-harmonic-1l-3\/","title":{"rendered":"Termos Harmonic 1L"},"content":{"rendered":"<p>Harmonic termos on topeltseinaga suurep\u00e4rase isolatsiooniv\u00f5imega. \u00a0Termos hoiab joogid kuumana kuni 24h ja k\u00fclmana kuni 36h. On BPA vaba, ergonoomilise k\u00e4epidemega, valamisel ei tilgu ja sellel on 100% lekkekindel kork. Lihtne sulgeda ja avada t\u00e4nu korgi keskel asuvale pressnupule.<\/p>\n","protected":false},"excerpt":{"rendered":"<p>Harmonic termos on topeltseinaga suurep\u00e4rase isolatsiooniv\u00f5imega. \u00a0Termos hoiab joogid kuumana kuni 24h ja k\u00fclmana kuni 36h. On BPA vaba, ergonoomilise k\u00e4epidemega, valamisel ei tilgu ja sellel on 100% lekkekindel kork. Lihtne sulgeda ja avada t\u00e4nu korgi keskel asuvale pressnupule.<\/p>\n","protected":false},"featured_media":12847,"comment_status":"closed","ping_status":"open","template":"","meta":{"_acf_changed":false},"product_brand":[472],"product_cat":[405,522],"product_tag":[],"class_list":{"0":"post-12846","1":"product","2":"type-product","3":"status-publish","4":"has-post-thumbnail","6":"product_brand-leifheit","7":"product_cat-koogitarbed","8":"product_cat-termosed-ja-joogipudelid","9":"pa_kogus-1-tk","10":"pa_paritolumaa-saksamaa","11":"pa_uhik-tk","13":"first","14":"instock","15":"purchasable","16":"product-type-simple"},"acf":[],"_links":{"self":[{"href":"https:\/\/ursus.ee\/en\/wp-json\/wp\/v2\/product\/12846","targetHints":{"allow":["GET"]}}],"collection":[{"href":"https:\/\/ursus.ee\/en\/wp-json\/wp\/v2\/product"}],"about":[{"href":"https:\/\/ursus.ee\/en\/wp-json\/wp\/v2\/types\/product"}],"replies":[{"embeddable":true,"href":"https:\/\/ursus.ee\/en\/wp-json\/wp\/v2\/comments?post=12846"}],"wp:featuredmedia":[{"embeddable":true,"href":"https:\/\/ursus.ee\/en\/wp-json\/wp\/v2\/media\/12847"}],"wp:attachment":[{"href":"https:\/\/ursus.ee\/en\/wp-json\/wp\/v2\/media?parent=12846"}],"wp:term":[{"taxonomy":"product_brand","embeddable":true,"href":"https:\/\/ursus.ee\/en\/wp-json\/wp\/v2\/product_brand?post=12846"},{"taxonomy":"product_cat","embeddable":true,"href":"https:\/\/ursus.ee\/en\/wp-json\/wp\/v2\/product_cat?post=12846"},{"taxonomy":"product_tag","embeddable":true,"href":"https:\/\/ursus.ee\/en\/wp-json\/wp\/v2\/product_tag?post=12846"}],"curies":[{"name":"wp","href":"https:\/\/api.w.org\/{rel}","templated":true}]}}