{"id":12839,"date":"2025-12-16T18:53:43","date_gmt":"2025-12-16T16:53:43","guid":{"rendered":"https:\/\/ursus.ee\/toode\/termos-coco-roostevaba-075l-2\/"},"modified":"2026-03-27T16:13:06","modified_gmt":"2026-03-27T14:13:06","slug":"termos-coco-roostevaba-075l-2","status":"publish","type":"product","link":"https:\/\/ursus.ee\/en\/toode\/termos-coco-roostevaba-075l-2\/","title":{"rendered":"Termos Coco roostevaba 0,75L"},"content":{"rendered":"<p>Kahekordse seinaga termos on tehtud k\u00f5rgekvaliteetsest roostevabast terasest, mis garanteerib tipptasemel isolatsiooni. See hoiab kuumad joogid kuumana ja k\u00fclmad joogid k\u00fclmana. Termos on lekke- ja purunemiskindel.<\/p>\n","protected":false},"excerpt":{"rendered":"<p>Kahekordse seinaga termos on tehtud k\u00f5rgekvaliteetsest roostevabast terasest, mis garanteerib tipptasemel isolatsiooni. See hoiab kuumad joogid kuumana ja k\u00fclmad joogid k\u00fclmana. Termos on lekke- ja purunemiskindel.<\/p>\n","protected":false},"featured_media":12840,"comment_status":"closed","ping_status":"open","template":"","meta":{"_acf_changed":false},"product_brand":[472],"product_cat":[405,522],"product_tag":[],"class_list":{"0":"post-12839","1":"product","2":"type-product","3":"status-publish","4":"has-post-thumbnail","6":"product_brand-leifheit","7":"product_cat-koogitarbed","8":"product_cat-termosed-ja-joogipudelid","9":"pa_kogus-1-tk","10":"pa_paritolumaa-saksamaa","11":"pa_uhik-tk","13":"first","14":"instock","15":"purchasable","16":"product-type-simple"},"acf":[],"_links":{"self":[{"href":"https:\/\/ursus.ee\/en\/wp-json\/wp\/v2\/product\/12839","targetHints":{"allow":["GET"]}}],"collection":[{"href":"https:\/\/ursus.ee\/en\/wp-json\/wp\/v2\/product"}],"about":[{"href":"https:\/\/ursus.ee\/en\/wp-json\/wp\/v2\/types\/product"}],"replies":[{"embeddable":true,"href":"https:\/\/ursus.ee\/en\/wp-json\/wp\/v2\/comments?post=12839"}],"wp:featuredmedia":[{"embeddable":true,"href":"https:\/\/ursus.ee\/en\/wp-json\/wp\/v2\/media\/12840"}],"wp:attachment":[{"href":"https:\/\/ursus.ee\/en\/wp-json\/wp\/v2\/media?parent=12839"}],"wp:term":[{"taxonomy":"product_brand","embeddable":true,"href":"https:\/\/ursus.ee\/en\/wp-json\/wp\/v2\/product_brand?post=12839"},{"taxonomy":"product_cat","embeddable":true,"href":"https:\/\/ursus.ee\/en\/wp-json\/wp\/v2\/product_cat?post=12839"},{"taxonomy":"product_tag","embeddable":true,"href":"https:\/\/ursus.ee\/en\/wp-json\/wp\/v2\/product_tag?post=12839"}],"curies":[{"name":"wp","href":"https:\/\/api.w.org\/{rel}","templated":true}]}}