{"id":12820,"date":"2025-12-16T18:53:43","date_gmt":"2025-12-16T16:53:43","guid":{"rendered":"https:\/\/ursus.ee\/toode\/termokruus-flip-350ml-hobe-2\/"},"modified":"2026-03-27T16:13:06","modified_gmt":"2026-03-27T14:13:06","slug":"termokruus-flip-350ml-hobe-2","status":"publish","type":"product","link":"https:\/\/ursus.ee\/en\/toode\/termokruus-flip-350ml-hobe-2\/","title":{"rendered":"Termokruus Flip 350ml h\u00f5be"},"content":{"rendered":"<p>Praktiline Leifheit Flip termoskruus on 100% lekkekindel ja lihtne kasutada, avatav \u00fche k\u00e4ega &#8211; vajuta vaid kaanel olevat nuppu nimetis\u00f5rmega ning kaas avaneb. Kaanel pehme silikoonist kate, mis on teeb termose hoidmise mugavaks ja libisemiskindlaks. Sobilik kasutamiseks nii kodus kui ka v\u00e4litingimustes. Joogikaane all on eemaldatav s\u00f5el, kuhu saab asetada teepuru v\u00f5i puuviljade t\u00fckikesed joogi maitsestamiseks. Termokruusil on k\u00e4epael mugavamaks transpordiks v\u00f5i matkakotile kinnitamiseks. Termokruus on valmistatud kvaliteetsest roostevabast terasest ning kahekihiline ehitus tagab soojapidavuse kuumadele jookidele 6 tunniks ja k\u00fclmadele jookidele 18 tunniks. Kompaktne 350 ml maht on sobilik igap\u00e4evaseks kasutamiseks, mahub ka enamlevinud kohvimasinate tilkumisavade alla. BPA ja muude kahjulike ainete vaba koostis, ohutu keskkonnale ja organismile. V\u00e4rvus h\u00f5be.<\/p>\n","protected":false},"excerpt":{"rendered":"<p>Praktiline Leifheit Flip termoskruus on 100% lekkekindel ja lihtne kasutada, avatav \u00fche k\u00e4ega &#8211; vajuta vaid kaanel olevat nuppu nimetis\u00f5rmega ning kaas avaneb. Kaanel pehme silikoonist kate, mis on teeb termose hoidmise mugavaks ja libisemiskindlaks. Sobilik kasutamiseks nii kodus kui ka v\u00e4litingimustes. Joogikaane all on eemaldatav s\u00f5el, kuhu saab asetada teepuru v\u00f5i puuviljade t\u00fckikesed joogi<\/p>\n","protected":false},"featured_media":12821,"comment_status":"closed","ping_status":"open","template":"","meta":{"_acf_changed":false},"product_brand":[472],"product_cat":[405,522],"product_tag":[],"class_list":{"0":"post-12820","1":"product","2":"type-product","3":"status-publish","4":"has-post-thumbnail","6":"product_brand-leifheit","7":"product_cat-koogitarbed","8":"product_cat-termosed-ja-joogipudelid","9":"pa_kogus-1-tk","10":"pa_paritolumaa-saksamaa","11":"pa_uhik-tk","13":"first","14":"instock","15":"purchasable","16":"product-type-simple"},"acf":[],"_links":{"self":[{"href":"https:\/\/ursus.ee\/en\/wp-json\/wp\/v2\/product\/12820","targetHints":{"allow":["GET"]}}],"collection":[{"href":"https:\/\/ursus.ee\/en\/wp-json\/wp\/v2\/product"}],"about":[{"href":"https:\/\/ursus.ee\/en\/wp-json\/wp\/v2\/types\/product"}],"replies":[{"embeddable":true,"href":"https:\/\/ursus.ee\/en\/wp-json\/wp\/v2\/comments?post=12820"}],"wp:featuredmedia":[{"embeddable":true,"href":"https:\/\/ursus.ee\/en\/wp-json\/wp\/v2\/media\/12821"}],"wp:attachment":[{"href":"https:\/\/ursus.ee\/en\/wp-json\/wp\/v2\/media?parent=12820"}],"wp:term":[{"taxonomy":"product_brand","embeddable":true,"href":"https:\/\/ursus.ee\/en\/wp-json\/wp\/v2\/product_brand?post=12820"},{"taxonomy":"product_cat","embeddable":true,"href":"https:\/\/ursus.ee\/en\/wp-json\/wp\/v2\/product_cat?post=12820"},{"taxonomy":"product_tag","embeddable":true,"href":"https:\/\/ursus.ee\/en\/wp-json\/wp\/v2\/product_tag?post=12820"}],"curies":[{"name":"wp","href":"https:\/\/api.w.org\/{rel}","templated":true}]}}