{"id":12813,"date":"2025-12-16T18:53:43","date_gmt":"2025-12-16T16:53:43","guid":{"rendered":"https:\/\/ursus.ee\/toode\/sailituspurk-fresh-easy-umar-14l-2\/"},"modified":"2026-03-27T16:14:39","modified_gmt":"2026-03-27T14:14:39","slug":"sailituspurk-fresh-easy-umar-14l-2","status":"publish","type":"product","link":"https:\/\/ursus.ee\/en\/toode\/sailituspurk-fresh-easy-umar-14l-2\/","title":{"rendered":"S\u00e4ilituspurk Fresh &#038; Easy \u00fcmar 1,4L"},"content":{"rendered":"<p>\u00d5hukindel s\u00e4ilituspurk s\u00e4ilitab toiduainete v\u00e4rskuse ja aroomi pika aja v\u00e4ltel. K\u00f5rgekvaliteediline plastik. Kerge \u00fche k\u00e4ega avada ja sulgeda. Purgid saab virnastada teineteise peale. T\u00e4nu l\u00e4bipaistvusele on lihtne n\u00e4ha, mis s\u00e4ilituspurgis sees. Kuju \u00fcmmargune. Maht 1400ml.<\/p>\n","protected":false},"excerpt":{"rendered":"<p>\u00d5hukindel s\u00e4ilituspurk s\u00e4ilitab toiduainete v\u00e4rskuse ja aroomi pika aja v\u00e4ltel. K\u00f5rgekvaliteediline plastik. Kerge \u00fche k\u00e4ega avada ja sulgeda. Purgid saab virnastada teineteise peale. T\u00e4nu l\u00e4bipaistvusele on lihtne n\u00e4ha, mis s\u00e4ilituspurgis sees. Kuju \u00fcmmargune. Maht 1400ml.<\/p>\n","protected":false},"featured_media":12814,"comment_status":"closed","ping_status":"open","template":"","meta":{"_acf_changed":false},"product_brand":[472],"product_cat":[405,490],"product_tag":[],"class_list":{"0":"post-12813","1":"product","2":"type-product","3":"status-publish","4":"has-post-thumbnail","6":"product_brand-leifheit","7":"product_cat-koogitarbed","8":"product_cat-koogitarvikud","9":"pa_kogus-1-tk","10":"pa_paritolumaa-saksamaa","11":"pa_uhik-tk","13":"first","14":"instock","15":"purchasable","16":"product-type-simple"},"acf":[],"_links":{"self":[{"href":"https:\/\/ursus.ee\/en\/wp-json\/wp\/v2\/product\/12813","targetHints":{"allow":["GET"]}}],"collection":[{"href":"https:\/\/ursus.ee\/en\/wp-json\/wp\/v2\/product"}],"about":[{"href":"https:\/\/ursus.ee\/en\/wp-json\/wp\/v2\/types\/product"}],"replies":[{"embeddable":true,"href":"https:\/\/ursus.ee\/en\/wp-json\/wp\/v2\/comments?post=12813"}],"wp:featuredmedia":[{"embeddable":true,"href":"https:\/\/ursus.ee\/en\/wp-json\/wp\/v2\/media\/12814"}],"wp:attachment":[{"href":"https:\/\/ursus.ee\/en\/wp-json\/wp\/v2\/media?parent=12813"}],"wp:term":[{"taxonomy":"product_brand","embeddable":true,"href":"https:\/\/ursus.ee\/en\/wp-json\/wp\/v2\/product_brand?post=12813"},{"taxonomy":"product_cat","embeddable":true,"href":"https:\/\/ursus.ee\/en\/wp-json\/wp\/v2\/product_cat?post=12813"},{"taxonomy":"product_tag","embeddable":true,"href":"https:\/\/ursus.ee\/en\/wp-json\/wp\/v2\/product_tag?post=12813"}],"curies":[{"name":"wp","href":"https:\/\/api.w.org\/{rel}","templated":true}]}}