{"id":12800,"date":"2025-12-16T18:51:25","date_gmt":"2025-12-16T16:51:25","guid":{"rendered":"https:\/\/ursus.ee\/toode\/sailituspurk-randita-klaas-235ml-2\/"},"modified":"2026-03-27T16:14:39","modified_gmt":"2026-03-27T14:14:39","slug":"sailituspurk-randita-klaas-235ml-2","status":"publish","type":"product","link":"https:\/\/ursus.ee\/en\/toode\/sailituspurk-randita-klaas-235ml-2\/","title":{"rendered":"S\u00e4ilituspurk randita klaas 235ml"},"content":{"rendered":"<p>Universaalne purk sobib nii mooside s\u00e4ilitamiseks, magustoitude serveerimiseks, pasteetide s\u00e4ilitamiseks, tarretiste tegemiseks v\u00f5i isetehtud kingituse edastamiseks. T\u00e4nu sirgele seinale (ilma siserandita) on v\u00f5imalik pesta ideaalselt puhtaks toiduj\u00e4\u00e4ke maha j\u00e4tmata. Toodetud Saksamaal.<\/p>\n","protected":false},"excerpt":{"rendered":"<p>Universaalne purk sobib nii mooside s\u00e4ilitamiseks, magustoitude serveerimiseks, pasteetide s\u00e4ilitamiseks, tarretiste tegemiseks v\u00f5i isetehtud kingituse edastamiseks. T\u00e4nu sirgele seinale (ilma siserandita) on v\u00f5imalik pesta ideaalselt puhtaks toiduj\u00e4\u00e4ke maha j\u00e4tmata. Toodetud Saksamaal.<\/p>\n","protected":false},"featured_media":12801,"comment_status":"closed","ping_status":"open","template":"","meta":{"_acf_changed":false},"product_brand":[472],"product_cat":[405,490],"product_tag":[],"class_list":{"0":"post-12800","1":"product","2":"type-product","3":"status-publish","4":"has-post-thumbnail","6":"product_brand-leifheit","7":"product_cat-koogitarbed","8":"product_cat-koogitarvikud","9":"pa_kogus-1-tk","10":"pa_paritolumaa-saksamaa","11":"pa_uhik-tk","13":"first","14":"instock","15":"purchasable","16":"product-type-simple"},"acf":[],"_links":{"self":[{"href":"https:\/\/ursus.ee\/en\/wp-json\/wp\/v2\/product\/12800","targetHints":{"allow":["GET"]}}],"collection":[{"href":"https:\/\/ursus.ee\/en\/wp-json\/wp\/v2\/product"}],"about":[{"href":"https:\/\/ursus.ee\/en\/wp-json\/wp\/v2\/types\/product"}],"replies":[{"embeddable":true,"href":"https:\/\/ursus.ee\/en\/wp-json\/wp\/v2\/comments?post=12800"}],"wp:featuredmedia":[{"embeddable":true,"href":"https:\/\/ursus.ee\/en\/wp-json\/wp\/v2\/media\/12801"}],"wp:attachment":[{"href":"https:\/\/ursus.ee\/en\/wp-json\/wp\/v2\/media?parent=12800"}],"wp:term":[{"taxonomy":"product_brand","embeddable":true,"href":"https:\/\/ursus.ee\/en\/wp-json\/wp\/v2\/product_brand?post=12800"},{"taxonomy":"product_cat","embeddable":true,"href":"https:\/\/ursus.ee\/en\/wp-json\/wp\/v2\/product_cat?post=12800"},{"taxonomy":"product_tag","embeddable":true,"href":"https:\/\/ursus.ee\/en\/wp-json\/wp\/v2\/product_tag?post=12800"}],"curies":[{"name":"wp","href":"https:\/\/api.w.org\/{rel}","templated":true}]}}